{"id":10431,"date":"2026-03-23T11:58:21","date_gmt":"2026-03-23T11:58:21","guid":{"rendered":"https:\/\/www.ixrace.net\/inscription-pro\/"},"modified":"2026-03-24T11:08:34","modified_gmt":"2026-03-24T11:08:34","slug":"inscription-pro","status":"publish","type":"page","link":"https:\/\/www.ixrace.net\/en\/inscription-pro\/#TRPLINKPROCESSED","title":{"rendered":"Inscription Pro"},"content":{"rendered":"<div data-elementor-type=\"wp-page\" data-elementor-id=\"10431\" class=\"elementor elementor-10431\" data-elementor-post-type=\"page\">\n\t\t\t\t<div class=\"elementor-element elementor-element-0f2f7bb e-flex e-con-boxed e-con e-parent\" data-id=\"0f2f7bb\" data-element_type=\"container\" data-e-type=\"container\">\n\t\t\t\t\t<div class=\"e-con-inner\">\n\t\t<div class=\"elementor-element elementor-element-e31761e e-con-full e-flex e-con e-child\" data-id=\"e31761e\" data-element_type=\"container\" data-e-type=\"container\" data-settings=\"{&quot;background_background&quot;:&quot;classic&quot;}\">\n\t\t<div class=\"elementor-element elementor-element-49fa6b1 e-con-full e-flex e-con e-child\" data-id=\"49fa6b1\" data-element_type=\"container\" data-e-type=\"container\">\n\t\t<div class=\"elementor-element elementor-element-4d23945 e-con-full e-flex e-con e-child\" data-id=\"4d23945\" data-element_type=\"container\" data-e-type=\"container\">\n\t\t\t\t<div class=\"elementor-element elementor-element-52fe7e9 elementor-widget elementor-widget-heading\" data-id=\"52fe7e9\" data-element_type=\"widget\" data-e-type=\"widget\" data-widget_type=\"heading.default\">\n\t\t\t\t\t<h2 class=\"elementor-heading-title elementor-size-default\">Join <\/h2>\t\t\t\t<\/div>\n\t\t\t\t<div class=\"elementor-element elementor-element-5aa8262 elementor-widget elementor-widget-image\" data-id=\"5aa8262\" data-element_type=\"widget\" data-e-type=\"widget\" data-widget_type=\"image.default\">\n\t\t\t\t\t\t\t\t\t\t\t\t\t\t\t\t<a href=\"https:\/\/www.ixrace.net\/en\">\n\t\t\t\t\t\t\t<img decoding=\"async\" width=\"265\" height=\"50\" src=\"https:\/\/www.ixrace.net\/wp-content\/uploads\/2025\/11\/Frame-427320444.svg\" class=\"attachment-full size-full wp-image-69\" alt=\"\" \/>\t\t\t\t\t\t\t\t<\/a>\n\t\t\t\t\t\t\t\t\t\t\t\t\t\t\t<\/div>\n\t\t\t\t<\/div>\n\t\t\t\t<div class=\"elementor-element elementor-element-775fb69 elementor-widget elementor-widget-heading\" data-id=\"775fb69\" data-element_type=\"widget\" data-e-type=\"widget\" data-widget_type=\"heading.default\">\n\t\t\t\t\t<p class=\"elementor-heading-title elementor-size-default\">Acc\u00e9dez \u00e0 vos tarifs revendeurs et d\u00e9veloppez votre activit\u00e9.<\/p>\t\t\t\t<\/div>\n\t\t\t\t<\/div>\n\t\t\t\t<div class=\"elementor-element elementor-element-1024aa3 elementor-widget elementor-widget-shortcode\" data-id=\"1024aa3\" data-element_type=\"widget\" data-e-type=\"widget\" data-widget_type=\"shortcode.default\">\n\t\t\t\t\t\t\t<div class=\"elementor-shortcode\">\t\t<div class=\"ixrace-pro-registration ixrace-pro-registration--dark\">\n\t\t\t<form id=\"ixrace-pro-form\" class=\"ixrace-pro-form\" method=\"post\" action=\"\">\n\t\t\t\t<input type=\"hidden\" id=\"ixrace_pro_nonce\" name=\"ixrace_pro_nonce\" value=\"39471c2d36\" \/><input type=\"hidden\" name=\"_wp_http_referer\" value=\"\/en\/wp-json\/wp\/v2\/pages\/10431\" \/>\n\t\t\t\t<div class=\"ixrace-pro-form__row\">\n\t\t\t\t\t<div class=\"ixrace-pro-form__field ixrace-pro-form__field--autocomplete\">\n\t\t\t\t\t\t<label for=\"ixrace_company\">Nom de l&#039;entreprise *<\/label>\n\t\t\t\t\t\t<input type=\"text\" id=\"ixrace_company\" name=\"company\" required placeholder=\"Rechercher votre entreprise\" autocomplete=\"off\">\n\t\t\t\t\t\t<div id=\"ixrace-company-suggestions\" class=\"ixrace-pappers-dropdown\" style=\"display:none;\"><\/div>\n\t\t\t\t\t<\/div>\n\t\t\t\t\t<div class=\"ixrace-pro-form__field ixrace-pro-form__field--autocomplete\">\n\t\t\t\t\t\t<label for=\"ixrace_siret\">N\u00b0 SIRET *<\/label>\n\t\t\t\t\t\t<input type=\"text\" id=\"ixrace_siret\" name=\"siret\" required placeholder=\"14 chiffres\" maxlength=\"14\" pattern=\"\\d{14}\" autocomplete=\"off\">\n\t\t\t\t\t\t<div id=\"ixrace-siret-suggestions\" class=\"ixrace-pappers-dropdown\" style=\"display:none;\"><\/div>\n\t\t\t\t\t<\/div>\n\t\t\t\t<\/div>\n\n\t\t\t\t<div class=\"ixrace-pro-form__row\">\n\t\t\t\t\t<div class=\"ixrace-pro-form__field\">\n\t\t\t\t\t\t<label for=\"ixrace_tva\">N\u00b0 TVA intracommunautaire<\/label>\n\t\t\t\t\t\t<input type=\"text\" id=\"ixrace_tva\" name=\"tva\" placeholder=\"FR + 11 chiffres (rempli automatiquement)\">\n\t\t\t\t\t<\/div>\n\t\t\t\t\t<div class=\"ixrace-pro-form__field\">\n\t\t\t\t\t\t<label for=\"ixrace_phone\">T\u00e9l\u00e9phone *<\/label>\n\t\t\t\t\t\t<input type=\"tel\" id=\"ixrace_phone\" name=\"phone\" required placeholder=\"+33 6 12 34 56 78\">\n\t\t\t\t\t<\/div>\n\t\t\t\t<\/div>\n\n\t\t\t\t<div class=\"ixrace-pro-form__row\">\n\t\t\t\t\t<div class=\"ixrace-pro-form__field\">\n\t\t\t\t\t\t<label for=\"ixrace_email\">Email professionnel *<\/label>\n\t\t\t\t\t\t<input type=\"email\" id=\"ixrace_email\" name=\"email\" required placeholder=\"contact@entreprise.com\">\n\t\t\t\t\t<\/div>\n\t\t\t\t<\/div>\n\n\t\t\t\t<div class=\"ixrace-pro-form__row\">\n\t\t\t\t\t<div class=\"ixrace-pro-form__field\">\n\t\t\t\t\t\t<label for=\"ixrace_password\">Mot de passe *<\/label>\n\t\t\t\t\t\t<input type=\"password\" id=\"ixrace_password\" name=\"password\" required minlength=\"8\" placeholder=\"Minimum 8 caract\u00e8res\">\n\t\t\t\t\t<\/div>\n\t\t\t\t\t<div class=\"ixrace-pro-form__field\">\n\t\t\t\t\t\t<label for=\"ixrace_password_confirm\">Confirmer le mot de passe *<\/label>\n\t\t\t\t\t\t<input type=\"password\" id=\"ixrace_password_confirm\" name=\"password_confirm\" required minlength=\"8\" placeholder=\"Confirmer votre mot de passe\">\n\t\t\t\t\t\t<span id=\"ixrace-password-error\" class=\"ixrace-pro-form__field-error\" style=\"display:none;\">Les mots de passe ne correspondent pas.<\/span>\n\t\t\t\t\t<\/div>\n\t\t\t\t<\/div>\n\n\t\t\t\t<div class=\"ixrace-pro-form__row\">\n\t\t\t\t\t<div class=\"ixrace-pro-form__field\">\n\t\t\t\t\t\t<label for=\"ixrace_first_name\">Pr\u00e9nom *<\/label>\n\t\t\t\t\t\t<input type=\"text\" id=\"ixrace_first_name\" name=\"first_name\" required placeholder=\"Pr\u00e9nom\">\n\t\t\t\t\t<\/div>\n\t\t\t\t\t<div class=\"ixrace-pro-form__field\">\n\t\t\t\t\t\t<label for=\"ixrace_last_name\">Nom *<\/label>\n\t\t\t\t\t\t<input type=\"text\" id=\"ixrace_last_name\" name=\"last_name\" required placeholder=\"Nom\">\n\t\t\t\t\t<\/div>\n\t\t\t\t<\/div>\n\n\t\t\t\t<div class=\"ixrace-pro-form__field ixrace-pro-form__field--full\">\n\t\t\t\t\t<label for=\"ixrace_address\">Adresse professionnelle<\/label>\n\t\t\t\t\t<input type=\"text\" id=\"ixrace_address\" name=\"address\" placeholder=\"Adresse compl\u00e8te\">\n\t\t\t\t<\/div>\n\n\t\t\t\t<div class=\"ixrace-pro-form__field ixrace-pro-form__field--full\">\n\t\t\t\t\t<label for=\"ixrace_message\">Message (optionnel)<\/label>\n\t\t\t\t\t<textarea id=\"ixrace_message\" name=\"message\" rows=\"3\" placeholder=\"D\u00e9crivez votre activit\u00e9 et vos besoins\"><\/textarea>\n\t\t\t\t<\/div>\n\n\t\t\t\t<div class=\"ixrace-pro-form__field ixrace-pro-form__field--full\">\n\t\t\t\t\t<label class=\"ixrace-pro-form__checkbox\">\n\t\t\t\t\t\t<input type=\"checkbox\" name=\"accept_terms\" required>\n\t\t\t\t\t\t<span>J'accepte les <a href=\"https:\/\/www.ixrace.net\/en\/faq\/\" target=\"_blank\">conditions g\u00e9n\u00e9rales<\/a> et la politique de confidentialit\u00e9 *<\/span>\n\t\t\t\t\t<\/label>\n\t\t\t\t<\/div>\n\n\t\t\t\t<div class=\"ixrace-pro-form__submit\">\n\t\t\t\t\t<button type=\"submit\" class=\"ixrace-pro-form__btn\">\n\t\t\t\t\t\t<span class=\"ixrace-pro-form__btn-text\">Soumettre ma demande<\/span>\n\t\t\t\t\t\t<span class=\"ixrace-pro-form__btn-loading\" style=\"display:none;\">Envoi en cours...<\/span>\n\t\t\t\t\t<\/button>\n\t\t\t\t<\/div>\n\n\t\t\t\t<div id=\"ixrace-pro-form-message\" class=\"ixrace-pro-form__message\" style=\"display:none;\"><\/div>\n\t\t\t<input type=\"hidden\" name=\"trp-form-language\" value=\"en\"\/><\/form>\n\t\t<\/div>\n\t\t<\/div>\n\t\t\t\t\t\t<\/div>\n\t\t\t\t<\/div>\n\t\t<div class=\"elementor-element elementor-element-e313532 e-con-full e-flex e-con e-child\" data-id=\"e313532\" data-element_type=\"container\" data-e-type=\"container\" data-settings=\"{&quot;background_background&quot;:&quot;classic&quot;}\">\n\t\t\t\t<div class=\"elementor-element elementor-element-23af4e6 elementor-widget elementor-widget-heading\" data-id=\"23af4e6\" data-element_type=\"widget\" data-e-type=\"widget\" data-widget_type=\"heading.default\">\n\t\t\t\t\t<p class=\"elementor-heading-title elementor-size-default\">Manufacturer of motorcycle exhausts since 2010.<\/p>\t\t\t\t<\/div>\n\t\t<div class=\"elementor-element elementor-element-a17ebfb e-con-full e-flex e-con e-child\" data-id=\"a17ebfb\" data-element_type=\"container\" data-e-type=\"container\" data-settings=\"{&quot;background_background&quot;:&quot;classic&quot;}\">\n\t\t\t\t<div class=\"elementor-element elementor-element-a8e229a elementor-widget elementor-widget-heading\" data-id=\"a8e229a\" data-element_type=\"widget\" data-e-type=\"widget\" data-widget_type=\"heading.default\">\n\t\t\t\t\t<p class=\"elementor-heading-title elementor-size-default\">D\u00e9j\u00e0 partenaire IXRACE ?<\/p>\t\t\t\t<\/div>\n\t\t<div class=\"elementor-element elementor-element-876a68f e-con-full wrapper e-flex e-con e-child\" data-id=\"876a68f\" data-element_type=\"container\" data-e-type=\"container\">\n\t\t\t\t<div class=\"elementor-element elementor-element-1c75de6 icon_left elementor-view-stacked elementor-shape-circle elementor-widget elementor-widget-icon\" data-id=\"1c75de6\" data-element_type=\"widget\" data-e-type=\"widget\" data-widget_type=\"icon.default\">\n\t\t\t\t\t\t\t<div class=\"elementor-icon-wrapper\">\n\t\t\t<a class=\"elementor-icon\" href=\"#elementor-action%3Aaction%3Dpopup%3Aopen%26settings%3DeyJpZCI6IjEwNDg2IiwidG9nZ2xlIjpmYWxzZX0%3D\">\n\t\t\t<svg xmlns=\"http:\/\/www.w3.org\/2000\/svg\" width=\"24\" height=\"24\" viewbox=\"0 0 24 24\" fill=\"none\"><path d=\"M7.83301 7.83301H16.1663M16.1663 7.83301V16.1663M16.1663 7.83301L7.83301 16.1663\" stroke=\"white\" stroke-linecap=\"round\" stroke-linejoin=\"round\"><\/path><\/svg>\t\t\t<\/a>\n\t\t<\/div>\n\t\t\t\t\t\t<\/div>\n\t\t\t\t<div class=\"elementor-element elementor-element-e0d5a2d Ani_btn elementor-widget elementor-widget-button\" data-id=\"e0d5a2d\" data-element_type=\"widget\" data-e-type=\"widget\" data-widget_type=\"button.default\">\n\t\t\t\t\t\t\t\t\t\t<a class=\"elementor-button elementor-button-link elementor-size-sm\" href=\"#elementor-action%3Aaction%3Dpopup%3Aopen%26settings%3DeyJpZCI6IjEwNDg2IiwidG9nZ2xlIjpmYWxzZX0%3D\">\n\t\t\t\t\t\t<span class=\"elementor-button-content-wrapper\">\n\t\t\t\t\t\t\t\t\t<span class=\"elementor-button-text\">Log in<\/span>\n\t\t\t\t\t<\/span>\n\t\t\t\t\t<\/a>\n\t\t\t\t\t\t\t\t<\/div>\n\t\t\t\t<div class=\"elementor-element elementor-element-9497add icon_right elementor-view-framed elementor-shape-circle elementor-widget elementor-widget-icon\" data-id=\"9497add\" data-element_type=\"widget\" data-e-type=\"widget\" data-widget_type=\"icon.default\">\n\t\t\t\t\t\t\t<div class=\"elementor-icon-wrapper\">\n\t\t\t<a class=\"elementor-icon\" href=\"#elementor-action%3Aaction%3Dpopup%3Aopen%26settings%3DeyJpZCI6IjEwNDg2IiwidG9nZ2xlIjpmYWxzZX0%3D\">\n\t\t\t<svg xmlns=\"http:\/\/www.w3.org\/2000\/svg\" width=\"24\" height=\"24\" viewbox=\"0 0 24 24\" fill=\"none\"><path d=\"M7.83301 7.83301H16.1663M16.1663 7.83301V16.1663M16.1663 7.83301L7.83301 16.1663\" stroke=\"white\" stroke-linecap=\"round\" stroke-linejoin=\"round\"><\/path><\/svg>\t\t\t<\/a>\n\t\t<\/div>\n\t\t\t\t\t\t<\/div>\n\t\t\t\t<\/div>\n\t\t\t\t<\/div>\n\t\t\t\t<\/div>\n\t\t\t\t\t<\/div>\n\t\t\t\t<\/div>\n\t\t\t\t<\/div>","protected":false},"excerpt":{"rendered":"<p>Rejoignez Acc\u00e9dez \u00e0 vos tarifs revendeurs et d\u00e9veloppez votre activit\u00e9. Fabricant d\u2019\u00e9chappements moto depuis 2010. D\u00e9j\u00e0 partenaire IXRACE ? Se [&hellip;]<\/p>\n","protected":false},"author":0,"featured_media":0,"parent":0,"menu_order":0,"comment_status":"closed","ping_status":"closed","template":"elementor_canvas","meta":{"_acf_changed":false,"site-sidebar-layout":"default","site-content-layout":"","ast-site-content-layout":"default","site-content-style":"default","site-sidebar-style":"default","ast-global-header-display":"","ast-banner-title-visibility":"","ast-main-header-display":"","ast-hfb-above-header-display":"","ast-hfb-below-header-display":"","ast-hfb-mobile-header-display":"","site-post-title":"disabled","ast-breadcrumbs-content":"","ast-featured-img":"","footer-sml-layout":"","ast-disable-related-posts":"","theme-transparent-header-meta":"","adv-header-id-meta":"","stick-header-meta":"","header-above-stick-meta":"","header-main-stick-meta":"","header-below-stick-meta":"","astra-migrate-meta-layouts":"default","ast-page-background-enabled":"default","ast-page-background-meta":{"desktop":{"background-color":"var(--ast-global-color-5)","background-image":"","background-repeat":"repeat","background-position":"center center","background-size":"auto","background-attachment":"scroll","background-type":"","background-media":"","overlay-type":"","overlay-color":"","overlay-opacity":"","overlay-gradient":""},"tablet":{"background-color":"","background-image":"","background-repeat":"repeat","background-position":"center center","background-size":"auto","background-attachment":"scroll","background-type":"","background-media":"","overlay-type":"","overlay-color":"","overlay-opacity":"","overlay-gradient":""},"mobile":{"background-color":"","background-image":"","background-repeat":"repeat","background-position":"center center","background-size":"auto","background-attachment":"scroll","background-type":"","background-media":"","overlay-type":"","overlay-color":"","overlay-opacity":"","overlay-gradient":""}},"ast-content-background-meta":{"desktop":{"background-color":"var(--ast-global-color-4)","background-image":"","background-repeat":"repeat","background-position":"center center","background-size":"auto","background-attachment":"scroll","background-type":"","background-media":"","overlay-type":"","overlay-color":"","overlay-opacity":"","overlay-gradient":""},"tablet":{"background-color":"var(--ast-global-color-4)","background-image":"","background-repeat":"repeat","background-position":"center center","background-size":"auto","background-attachment":"scroll","background-type":"","background-media":"","overlay-type":"","overlay-color":"","overlay-opacity":"","overlay-gradient":""},"mobile":{"background-color":"var(--ast-global-color-4)","background-image":"","background-repeat":"repeat","background-position":"center center","background-size":"auto","background-attachment":"scroll","background-type":"","background-media":"","overlay-type":"","overlay-color":"","overlay-opacity":"","overlay-gradient":""}},"footnotes":""},"class_list":["post-10431","page","type-page","status-publish","hentry"],"acf":[],"_links":{"self":[{"href":"https:\/\/www.ixrace.net\/en\/wp-json\/wp\/v2\/pages\/10431","targetHints":{"allow":["GET"]}}],"collection":[{"href":"https:\/\/www.ixrace.net\/en\/wp-json\/wp\/v2\/pages"}],"about":[{"href":"https:\/\/www.ixrace.net\/en\/wp-json\/wp\/v2\/types\/page"}],"replies":[{"embeddable":true,"href":"https:\/\/www.ixrace.net\/en\/wp-json\/wp\/v2\/comments?post=10431"}],"version-history":[{"count":9,"href":"https:\/\/www.ixrace.net\/en\/wp-json\/wp\/v2\/pages\/10431\/revisions"}],"predecessor-version":[{"id":10621,"href":"https:\/\/www.ixrace.net\/en\/wp-json\/wp\/v2\/pages\/10431\/revisions\/10621"}],"wp:attachment":[{"href":"https:\/\/www.ixrace.net\/en\/wp-json\/wp\/v2\/media?parent=10431"}],"curies":[{"name":"wp","href":"https:\/\/api.w.org\/{rel}","templated":true}]}}