{"id":10440,"date":"2026-03-23T15:55:22","date_gmt":"2026-03-23T15:55:22","guid":{"rendered":"https:\/\/www.ixrace.net\/?page_id=10440"},"modified":"2026-03-23T15:56:13","modified_gmt":"2026-03-23T15:56:13","slug":"politique-en-matiere-de-remboursements-et-de-retours","status":"publish","type":"page","link":"https:\/\/www.ixrace.net\/en\/politique-en-matiere-de-remboursements-et-de-retours\/#TRPLINKPROCESSED","title":{"rendered":"Refund and Return Policy"},"content":{"rendered":"<div data-elementor-type=\"wp-page\" data-elementor-id=\"10440\" class=\"elementor elementor-10440\" data-elementor-post-type=\"page\">\n\t\t\t\t<div class=\"elementor-element elementor-element-4c9a0dc e-flex e-con-boxed e-con e-parent\" data-id=\"4c9a0dc\" data-element_type=\"container\" data-e-type=\"container\" data-settings=\"{&quot;background_background&quot;:&quot;classic&quot;}\">\n\t\t\t\t\t<div class=\"e-con-inner\">\n\t\t\t\t<div class=\"elementor-element elementor-element-4ad7534 elementor-widget elementor-widget-heading\" data-id=\"4ad7534\" data-element_type=\"widget\" data-e-type=\"widget\" data-widget_type=\"heading.default\">\n\t\t\t\t\t<p class=\"elementor-heading-title elementor-size-default\">Politique en mati\u00e8re \n<br>de remboursements \n<br>et de retours<\/p>\t\t\t\t<\/div>\n\t\t\t\t\t<\/div>\n\t\t\t\t<\/div>\n\t\t<div class=\"elementor-element elementor-element-14d0d36 e-flex e-con-boxed e-con e-parent\" data-id=\"14d0d36\" data-element_type=\"container\" data-e-type=\"container\" data-settings=\"{&quot;background_background&quot;:&quot;classic&quot;}\">\n\t\t\t\t\t<div class=\"e-con-inner\">\n\t\t<div class=\"elementor-element elementor-element-eaeef26 e-con-full e-flex e-con e-child\" data-id=\"eaeef26\" data-element_type=\"container\" data-e-type=\"container\">\n\t\t\t\t<div class=\"elementor-element elementor-element-fcda563 elementor-widget elementor-widget-text-editor\" data-id=\"fcda563\" data-element_type=\"widget\" data-e-type=\"widget\" data-widget_type=\"text-editor.default\">\n\t\t\t\t\t\t\t\t\t<div id=\"content\" class=\"site-content\" tabindex=\"-1\"><div class=\"col-full\"><div id=\"primary\" class=\"content-area\"><main id=\"main\" class=\"site-main\" role=\"main\"><article id=\"post-10\" class=\"post-10 page type-page status-publish hentry\"><div class=\"entry-content\"><h2 class=\"wp-block-heading\">Politique de retour et de remboursement:<\/h2><p>Vous avez le droit d\u2019annuler votre commande dans les 14 jours suivant la r\u00e9ception de votre commande.<\/p><p>La date limite d\u2019annulation d\u2019une commande est de 14 jours \u00e0 compter de la date de r\u00e9ception de votre commande enregistr\u00e9e sur le site www.ixrace.net<\/p><p>Pour exercer votre droit de r\u00e9tractation, vous devez nous informer de votre d\u00e9cision au moyen d\u2019une d\u00e9claration claire.<\/p><p>Vous pouvez nous informer de votre d\u00e9cision par courrier \u00e9lectronique \u00e0 group.ixrace@gmail.com<\/p><p>Nous vous rembourserons au plus tard 30 jours \u00e0 compter du jour o\u00f9 nous recevrons les marchandises retourn\u00e9es. Nous utiliserons les m\u00eames moyens de paiement que ceux que vous avez utilis\u00e9s pour la commande et vous n\u2019aurez pas \u00e0 payer de frais pour ce remboursement.<\/p><h4>\u00a0<\/h4><h2 class=\"wp-block-heading\">Conditions pour les retours :<\/h2><p>Pour que les marchandises puissent faire l\u2019objet d\u2019un retour, veuillez vous assurer que :<\/p><ul class=\"wp-block-list\"><li>Les marchandises ont \u00e9t\u00e9 achet\u00e9es au cours des 14 derniers jours sur le site www.ixrace.net imp\u00e9rativement<\/li><li>Les marchandises sont\u00a0<strong>scrupuleusement<\/strong>\u00a0renvoy\u00e9es dans leur emballage d\u2019origine non d\u00e9t\u00e9rior\u00e9 (y compris les protections d\u2019emballage, tous les composants n\u00e9cessaires au montage et documents qui pourraient s\u2019y rattacher)<\/li><li>Les marchandises\u00a0<strong>n\u2019ont jamais \u00e9t\u00e9 mont\u00e9es<\/strong>\u00a0et qu\u2019aucune tentative de montage n\u2019ait \u00e9t\u00e9 r\u00e9alis\u00e9e<\/li><li>Les marchandises doivent \u00eatre totalement neuves et qu\u2019en aucun cas l\u2019\u00e9chappement ait du \u00eatre \u00ab\u00a0essay\u00e9\u00a0\u00bb c\u2019est \u00e0 dire mis en condition de fonctionnement.<\/li><li>Toute marchandise pr\u00e9sentant une ou plusieurs rayures ne sera plus consid\u00e9r\u00e9 comme neuf<\/li><li>Que la marchandise n\u2019ait pas \u00e9t\u00e9 modifi\u00e9e ou personnalis\u00e9e.<\/li><li>Que des r\u00e9serves aient bien \u00e9t\u00e9 r\u00e9dig\u00e9es aupr\u00e8s du transporteur\u00a0<strong>\u00e0 la livraison<\/strong>, en cas de d\u2019avaries ou de d\u00e9t\u00e9riorations de l\u2019emballage de la marchandise<\/li><\/ul><p>Nous nous r\u00e9servons le droit de refuser le retour de toute marchandise qui ne remplit pas les conditions de retour ci-dessus, \u00e0 notre seule discr\u00e9tion.<\/p><h4>\u00a0<\/h4><h2 class=\"wp-block-heading\">Retour des marchandises<\/h2><p>Vous \u00eates responsable du co\u00fbt et du risque de nous retourner les marchandises. Vous devez envoyer les marchandises \u00e0 l\u2019adresse suivante:<\/p><p>Chemin de caillade 83570 COTIGNAC \u2013 FRANCE<\/p><p>Nous ne pouvons pas \u00eatre tenus responsables des marchandises endommag\u00e9es ou perdues lors du renvoi. Nous ne sommes pas en mesure d\u2019effectuer un remboursement sans le re\u00e7u r\u00e9el de la marchandise ou la preuve de r\u00e9ception de la livraison.<\/p><\/div><\/article><\/main><\/div><\/div><\/div>\t\t\t\t\t\t\t\t<\/div>\n\t\t\t\t<\/div>\n\t\t\t\t\t<\/div>\n\t\t\t\t<\/div>\n\t\t\t\t<\/div>","protected":false},"excerpt":{"rendered":"<p>Politique en mati\u00e8re de remboursements et de retours Politique de retour et de remboursement: Vous avez le droit d\u2019annuler votre [&hellip;]<\/p>\n","protected":false},"author":2,"featured_media":0,"parent":0,"menu_order":0,"comment_status":"closed","ping_status":"closed","template":"elementor_header_footer","meta":{"_acf_changed":false,"site-sidebar-layout":"no-sidebar","site-content-layout":"","ast-site-content-layout":"full-width-container","site-content-style":"default","site-sidebar-style":"default","ast-global-header-display":"","ast-banner-title-visibility":"","ast-main-header-display":"","ast-hfb-above-header-display":"","ast-hfb-below-header-display":"","ast-hfb-mobile-header-display":"","site-post-title":"disabled","ast-breadcrumbs-content":"","ast-featured-img":"disabled","footer-sml-layout":"","ast-disable-related-posts":"","theme-transparent-header-meta":"","adv-header-id-meta":"","stick-header-meta":"","header-above-stick-meta":"","header-main-stick-meta":"","header-below-stick-meta":"","astra-migrate-meta-layouts":"default","ast-page-background-enabled":"default","ast-page-background-meta":{"desktop":{"background-color":"var(--ast-global-color-5)","background-image":"","background-repeat":"repeat","background-position":"center center","background-size":"auto","background-attachment":"scroll","background-type":"","background-media":"","overlay-type":"","overlay-color":"","overlay-opacity":"","overlay-gradient":""},"tablet":{"background-color":"","background-image":"","background-repeat":"repeat","background-position":"center center","background-size":"auto","background-attachment":"scroll","background-type":"","background-media":"","overlay-type":"","overlay-color":"","overlay-opacity":"","overlay-gradient":""},"mobile":{"background-color":"","background-image":"","background-repeat":"repeat","background-position":"center center","background-size":"auto","background-attachment":"scroll","background-type":"","background-media":"","overlay-type":"","overlay-color":"","overlay-opacity":"","overlay-gradient":""}},"ast-content-background-meta":{"desktop":{"background-color":"var(--ast-global-color-4)","background-image":"","background-repeat":"repeat","background-position":"center center","background-size":"auto","background-attachment":"scroll","background-type":"","background-media":"","overlay-type":"","overlay-color":"","overlay-opacity":"","overlay-gradient":""},"tablet":{"background-color":"var(--ast-global-color-4)","background-image":"","background-repeat":"repeat","background-position":"center center","background-size":"auto","background-attachment":"scroll","background-type":"","background-media":"","overlay-type":"","overlay-color":"","overlay-opacity":"","overlay-gradient":""},"mobile":{"background-color":"var(--ast-global-color-4)","background-image":"","background-repeat":"repeat","background-position":"center center","background-size":"auto","background-attachment":"scroll","background-type":"","background-media":"","overlay-type":"","overlay-color":"","overlay-opacity":"","overlay-gradient":""}},"footnotes":""},"class_list":["post-10440","page","type-page","status-publish","hentry"],"acf":[],"_links":{"self":[{"href":"https:\/\/www.ixrace.net\/en\/wp-json\/wp\/v2\/pages\/10440","targetHints":{"allow":["GET"]}}],"collection":[{"href":"https:\/\/www.ixrace.net\/en\/wp-json\/wp\/v2\/pages"}],"about":[{"href":"https:\/\/www.ixrace.net\/en\/wp-json\/wp\/v2\/types\/page"}],"author":[{"embeddable":true,"href":"https:\/\/www.ixrace.net\/en\/wp-json\/wp\/v2\/users\/2"}],"replies":[{"embeddable":true,"href":"https:\/\/www.ixrace.net\/en\/wp-json\/wp\/v2\/comments?post=10440"}],"version-history":[{"count":14,"href":"https:\/\/www.ixrace.net\/en\/wp-json\/wp\/v2\/pages\/10440\/revisions"}],"predecessor-version":[{"id":10477,"href":"https:\/\/www.ixrace.net\/en\/wp-json\/wp\/v2\/pages\/10440\/revisions\/10477"}],"wp:attachment":[{"href":"https:\/\/www.ixrace.net\/en\/wp-json\/wp\/v2\/media?parent=10440"}],"curies":[{"name":"wp","href":"https:\/\/api.w.org\/{rel}","templated":true}]}}