{"id":10452,"date":"2026-03-23T14:01:58","date_gmt":"2026-03-23T14:01:58","guid":{"rendered":"https:\/\/www.ixrace.net\/?page_id=10452"},"modified":"2026-03-23T16:05:19","modified_gmt":"2026-03-23T16:05:19","slug":"politique-de-confidentialite","status":"publish","type":"page","link":"https:\/\/www.ixrace.net\/en\/politique-de-confidentialite\/#TRPLINKPROCESSED","title":{"rendered":"Privacy Policy"},"content":{"rendered":"<div data-elementor-type=\"wp-page\" data-elementor-id=\"10452\" class=\"elementor elementor-10452\" data-elementor-post-type=\"page\">\n\t\t\t\t<div class=\"elementor-element elementor-element-4c9a0dc e-flex e-con-boxed e-con e-parent\" data-id=\"4c9a0dc\" data-element_type=\"container\" data-e-type=\"container\" data-settings=\"{&quot;background_background&quot;:&quot;classic&quot;}\">\n\t\t\t\t\t<div class=\"e-con-inner\">\n\t\t\t\t<div class=\"elementor-element elementor-element-4ad7534 elementor-widget elementor-widget-heading\" data-id=\"4ad7534\" data-element_type=\"widget\" data-e-type=\"widget\" data-widget_type=\"heading.default\">\n\t\t\t\t\t<p class=\"elementor-heading-title elementor-size-default\">Privacy Policy<\/p>\t\t\t\t<\/div>\n\t\t\t\t\t<\/div>\n\t\t\t\t<\/div>\n\t\t<div class=\"elementor-element elementor-element-14d0d36 e-flex e-con-boxed e-con e-parent\" data-id=\"14d0d36\" data-element_type=\"container\" data-e-type=\"container\" data-settings=\"{&quot;background_background&quot;:&quot;classic&quot;}\">\n\t\t\t\t\t<div class=\"e-con-inner\">\n\t\t<div class=\"elementor-element elementor-element-eaeef26 e-con-full e-flex e-con e-child\" data-id=\"eaeef26\" data-element_type=\"container\" data-e-type=\"container\">\n\t\t\t\t<div class=\"elementor-element elementor-element-fcda563 elementor-widget elementor-widget-text-editor\" data-id=\"fcda563\" data-element_type=\"widget\" data-e-type=\"widget\" data-widget_type=\"text-editor.default\">\n\t\t\t\t\t\t\t\t\t<div class=\"elementor-element elementor-element-df66110 e-con-full custom_font e-flex e-con e-child\" data-id=\"df66110\" data-element_type=\"container\" data-e-type=\"container\"><div class=\"elementor-element elementor-element-58d295d elementor-widget elementor-widget-heading\" data-id=\"58d295d\" data-element_type=\"widget\" data-e-type=\"widget\" data-widget_type=\"heading.default\"><p class=\"elementor-heading-title elementor-size-default\"><span style=\"font-size: 1.3em;\">Introduction<\/span><\/p><\/div><\/div><div class=\"elementor-element elementor-element-06abd43 elementor-widget elementor-widget-text-editor\" data-id=\"06abd43\" data-element_type=\"widget\" data-e-type=\"widget\" data-widget_type=\"text-editor.default\"><div class=\"page-header\"><div class=\"page-content\"><p>Nous attachons une grande importance \u00e0 la protection de vos donn\u00e9es personnelles. Dans cette politique de confidentialit\u00e9, nous expliquons quelles donn\u00e9es personnelles nous collectons, comment nous les utilisons et comment nous les prot\u00e9geons.<\/p><p><strong><br \/>Collecte et utilisation des donn\u00e9es personnelles<\/strong><\/p><p>Nous collectons les donn\u00e9es personnelles suivantes :<\/p><ul class=\"wp-block-list\"><li>Informations de contact : nous collectons votre nom, votre adresse e-mail et votre num\u00e9ro de t\u00e9l\u00e9phone lorsque vous nous contactez par le biais de notre site web.<\/li><li>Informations d\u2019utilisation : nous collectons des informations sur la fa\u00e7on dont vous utilisez notre site web, telles que les pages que vous visitez et les liens sur lesquels vous cliquez.<\/li><li>Informations techniques : nous collectons des informations techniques sur votre appareil et votre connexion Internet, telles que votre adresse IP, votre type de navigateur et votre syst\u00e8me d\u2019exploitation.<\/li><\/ul><p>Nous utilisons vos donn\u00e9es personnelles pour les raisons suivantes :<\/p><ul class=\"wp-block-list\"><li>Pour r\u00e9pondre \u00e0 vos demandes et questions.<\/li><li>Pour am\u00e9liorer notre site web et nos produits.<\/li><li>Pour vous envoyer des communications marketing, si vous avez donn\u00e9 votre consentement.<\/li><\/ul><p><strong><br \/>Protection des donn\u00e9es personnelles<\/strong><\/p><p>Nous prenons des mesures de s\u00e9curit\u00e9 appropri\u00e9es pour prot\u00e9ger vos donn\u00e9es personnelles contre tout acc\u00e8s non autoris\u00e9 ou toute perte, destruction ou alt\u00e9ration accidentelle ou illicite. Nous ne divulguons pas vos donn\u00e9es personnelles \u00e0 des tiers, sauf si nous y sommes oblig\u00e9s par la loi ou si vous nous donnez votre consentement.<\/p><p><strong><br \/>Cookies<\/strong><\/p><p>Nous utilisons des cookies sur notre site web pour am\u00e9liorer votre exp\u00e9rience utilisateur. Pour plus d\u2019informations sur les cookies et la fa\u00e7on dont nous les utilisons, veuillez consulter notre politique de cookies.<\/p><p><strong><br \/>Vos droits<\/strong><\/p><p>Vous avez les droits suivants en ce qui concerne vos donn\u00e9es personnelles :<\/p><ul class=\"wp-block-list\"><li>Le droit de demander l\u2019acc\u00e8s \u00e0 vos donn\u00e9es personnelles.<\/li><li>Le droit de demander la rectification de vos donn\u00e9es personnelles si elles sont inexactes ou incompl\u00e8tes.<\/li><li>Le droit de demander la suppression de vos donn\u00e9es personnelles.<\/li><li>Le droit de demander la limitation du traitement de vos donn\u00e9es personnelles.<\/li><li>Le droit de vous opposer au traitement de vos donn\u00e9es personnelles \u00e0 des fins de marketing direct.<\/li><li>Le droit \u00e0 la portabilit\u00e9 de vos donn\u00e9es personnelles.<p>Si vous souhaitez exercer l\u2019un de ces droits, veuillez nous contacter \u00e0 l\u2019adresse e-mail suivante :<br \/>group.ixrace@gmail.com.<\/p><\/li><\/ul><p>Si vous avez des questions ou des pr\u00e9occupations concernant notre politique de confidentialit\u00e9 ou la fa\u00e7on dont nous traitons vos donn\u00e9es personnelles, veuillez nous contacter \u00e0 l\u2019adresse e-mail suivante : group.ixrace@gmail.com<\/p><\/div><\/div><\/div>\t\t\t\t\t\t\t\t<\/div>\n\t\t\t\t<\/div>\n\t\t\t\t\t<\/div>\n\t\t\t\t<\/div>\n\t\t\t\t<\/div>","protected":false},"excerpt":{"rendered":"<p>Politique de confidentialit\u00e9 Introduction Nous attachons une grande importance \u00e0 la protection de vos donn\u00e9es personnelles. Dans cette politique de [&hellip;]<\/p>\n","protected":false},"author":2,"featured_media":0,"parent":0,"menu_order":0,"comment_status":"closed","ping_status":"closed","template":"elementor_header_footer","meta":{"_acf_changed":false,"site-sidebar-layout":"no-sidebar","site-content-layout":"","ast-site-content-layout":"full-width-container","site-content-style":"default","site-sidebar-style":"default","ast-global-header-display":"","ast-banner-title-visibility":"","ast-main-header-display":"","ast-hfb-above-header-display":"","ast-hfb-below-header-display":"","ast-hfb-mobile-header-display":"","site-post-title":"disabled","ast-breadcrumbs-content":"","ast-featured-img":"disabled","footer-sml-layout":"","ast-disable-related-posts":"","theme-transparent-header-meta":"","adv-header-id-meta":"","stick-header-meta":"","header-above-stick-meta":"","header-main-stick-meta":"","header-below-stick-meta":"","astra-migrate-meta-layouts":"default","ast-page-background-enabled":"default","ast-page-background-meta":{"desktop":{"background-color":"var(--ast-global-color-5)","background-image":"","background-repeat":"repeat","background-position":"center center","background-size":"auto","background-attachment":"scroll","background-type":"","background-media":"","overlay-type":"","overlay-color":"","overlay-opacity":"","overlay-gradient":""},"tablet":{"background-color":"","background-image":"","background-repeat":"repeat","background-position":"center center","background-size":"auto","background-attachment":"scroll","background-type":"","background-media":"","overlay-type":"","overlay-color":"","overlay-opacity":"","overlay-gradient":""},"mobile":{"background-color":"","background-image":"","background-repeat":"repeat","background-position":"center center","background-size":"auto","background-attachment":"scroll","background-type":"","background-media":"","overlay-type":"","overlay-color":"","overlay-opacity":"","overlay-gradient":""}},"ast-content-background-meta":{"desktop":{"background-color":"var(--ast-global-color-4)","background-image":"","background-repeat":"repeat","background-position":"center center","background-size":"auto","background-attachment":"scroll","background-type":"","background-media":"","overlay-type":"","overlay-color":"","overlay-opacity":"","overlay-gradient":""},"tablet":{"background-color":"var(--ast-global-color-4)","background-image":"","background-repeat":"repeat","background-position":"center center","background-size":"auto","background-attachment":"scroll","background-type":"","background-media":"","overlay-type":"","overlay-color":"","overlay-opacity":"","overlay-gradient":""},"mobile":{"background-color":"var(--ast-global-color-4)","background-image":"","background-repeat":"repeat","background-position":"center center","background-size":"auto","background-attachment":"scroll","background-type":"","background-media":"","overlay-type":"","overlay-color":"","overlay-opacity":"","overlay-gradient":""}},"footnotes":""},"class_list":["post-10452","page","type-page","status-publish","hentry"],"acf":[],"_links":{"self":[{"href":"https:\/\/www.ixrace.net\/en\/wp-json\/wp\/v2\/pages\/10452","targetHints":{"allow":["GET"]}}],"collection":[{"href":"https:\/\/www.ixrace.net\/en\/wp-json\/wp\/v2\/pages"}],"about":[{"href":"https:\/\/www.ixrace.net\/en\/wp-json\/wp\/v2\/types\/page"}],"author":[{"embeddable":true,"href":"https:\/\/www.ixrace.net\/en\/wp-json\/wp\/v2\/users\/2"}],"replies":[{"embeddable":true,"href":"https:\/\/www.ixrace.net\/en\/wp-json\/wp\/v2\/comments?post=10452"}],"version-history":[{"count":7,"href":"https:\/\/www.ixrace.net\/en\/wp-json\/wp\/v2\/pages\/10452\/revisions"}],"predecessor-version":[{"id":10484,"href":"https:\/\/www.ixrace.net\/en\/wp-json\/wp\/v2\/pages\/10452\/revisions\/10484"}],"wp:attachment":[{"href":"https:\/\/www.ixrace.net\/en\/wp-json\/wp\/v2\/media?parent=10452"}],"curies":[{"name":"wp","href":"https:\/\/api.w.org\/{rel}","templated":true}]}}