{"id":10640,"date":"2026-03-24T11:44:23","date_gmt":"2026-03-24T11:44:23","guid":{"rendered":"https:\/\/www.ixrace.net\/?page_id=10640"},"modified":"2026-03-24T12:15:27","modified_gmt":"2026-03-24T12:15:27","slug":"inscription-particulier","status":"publish","type":"page","link":"https:\/\/www.ixrace.net\/en\/inscription-particulier\/#TRPLINKPROCESSED","title":{"rendered":"Inscription Particulier"},"content":{"rendered":"<div data-elementor-type=\"wp-page\" data-elementor-id=\"10640\" class=\"elementor elementor-10640\" data-elementor-post-type=\"page\">\n\t\t\t\t<div class=\"elementor-element elementor-element-0f2f7bb e-flex e-con-boxed e-con e-parent\" data-id=\"0f2f7bb\" data-element_type=\"container\" data-e-type=\"container\">\n\t\t\t\t\t<div class=\"e-con-inner\">\n\t\t<div class=\"elementor-element elementor-element-e31761e e-con-full e-flex e-con e-child\" data-id=\"e31761e\" data-element_type=\"container\" data-e-type=\"container\" data-settings=\"{&quot;background_background&quot;:&quot;classic&quot;}\">\n\t\t<div class=\"elementor-element elementor-element-49fa6b1 e-con-full e-flex e-con e-child\" data-id=\"49fa6b1\" data-element_type=\"container\" data-e-type=\"container\">\n\t\t<div class=\"elementor-element elementor-element-4d23945 e-con-full e-flex e-con e-child\" data-id=\"4d23945\" data-element_type=\"container\" data-e-type=\"container\">\n\t\t\t\t<div class=\"elementor-element elementor-element-52fe7e9 elementor-widget elementor-widget-heading\" data-id=\"52fe7e9\" data-element_type=\"widget\" data-e-type=\"widget\" data-widget_type=\"heading.default\">\n\t\t\t\t\t<h2 class=\"elementor-heading-title elementor-size-default\">Join <\/h2>\t\t\t\t<\/div>\n\t\t\t\t<div class=\"elementor-element elementor-element-5aa8262 elementor-widget elementor-widget-image\" data-id=\"5aa8262\" data-element_type=\"widget\" data-e-type=\"widget\" data-widget_type=\"image.default\">\n\t\t\t\t\t\t\t\t\t\t\t\t\t\t\t\t<a href=\"https:\/\/www.ixrace.net\/en\">\n\t\t\t\t\t\t\t<img decoding=\"async\" width=\"265\" height=\"50\" src=\"https:\/\/www.ixrace.net\/wp-content\/uploads\/2025\/11\/Frame-427320444.svg\" class=\"attachment-full size-full wp-image-69\" alt=\"\" \/>\t\t\t\t\t\t\t\t<\/a>\n\t\t\t\t\t\t\t\t\t\t\t\t\t\t\t<\/div>\n\t\t\t\t<\/div>\n\t\t\t\t<div class=\"elementor-element elementor-element-775fb69 elementor-widget elementor-widget-heading\" data-id=\"775fb69\" data-element_type=\"widget\" data-e-type=\"widget\" data-widget_type=\"heading.default\">\n\t\t\t\t\t<p class=\"elementor-heading-title elementor-size-default\">G\u00e9rez vos achats, vos pr\u00e9f\u00e9rences et vos produits.<\/p>\t\t\t\t<\/div>\n\t\t\t\t<\/div>\n\t\t\t\t<div class=\"elementor-element elementor-element-0e7dad5 elementor-widget elementor-widget-shortcode\" data-id=\"0e7dad5\" data-element_type=\"widget\" data-e-type=\"widget\" data-widget_type=\"shortcode.default\">\n\t\t\t\t\t\t\t<div class=\"elementor-shortcode\">\t\t<div class=\"ixrace-pro-registration ixrace-pro-registration--dark\">\n\t\t\t<form id=\"ixrace-user-reg-form\" class=\"ixrace-pro-form\" method=\"post\" action=\"\">\n\t\t\t\t<input type=\"hidden\" id=\"ixrace_user_nonce\" name=\"ixrace_user_nonce\" value=\"df8f965c13\" \/><input type=\"hidden\" name=\"_wp_http_referer\" value=\"\/en\/wp-json\/wp\/v2\/pages\/10640\" \/>\n\t\t\t\t<div class=\"ixrace-pro-form__row\">\n\t\t\t\t\t<div class=\"ixrace-pro-form__field\">\n\t\t\t\t\t\t<label for=\"ixrace_user_last_name\">Nom<\/label>\n\t\t\t\t\t\t<input type=\"text\" id=\"ixrace_user_last_name\" name=\"last_name\" required placeholder=\"Martin\">\n\t\t\t\t\t<\/div>\n\t\t\t\t\t<div class=\"ixrace-pro-form__field\">\n\t\t\t\t\t\t<label for=\"ixrace_user_first_name\">Pr\u00e9nom<\/label>\n\t\t\t\t\t\t<input type=\"text\" id=\"ixrace_user_first_name\" name=\"first_name\" required placeholder=\"Lucas\">\n\t\t\t\t\t<\/div>\n\t\t\t\t<\/div>\n\n\t\t\t\t<div class=\"ixrace-pro-form__row\">\n\t\t\t\t\t<div class=\"ixrace-pro-form__field\">\n\t\t\t\t\t\t<label for=\"ixrace_user_email\">Adresse e-mail *<\/label>\n\t\t\t\t\t\t<input type=\"email\" id=\"ixrace_user_email\" name=\"email\" required placeholder=\"lucas.martin@email.com\">\n\t\t\t\t\t<\/div>\n\t\t\t\t\t<div class=\"ixrace-pro-form__field\">\n\t\t\t\t\t\t<label for=\"ixrace_user_email_confirm\">Confirmez votre adresse e-mail *<\/label>\n\t\t\t\t\t\t<input type=\"email\" id=\"ixrace_user_email_confirm\" name=\"email_confirm\" required placeholder=\"lucas.martin@email.com\">\n\t\t\t\t\t<\/div>\n\t\t\t\t<\/div>\n\n\t\t\t\t<div class=\"ixrace-pro-form__row\">\n\t\t\t\t\t<div class=\"ixrace-pro-form__field\">\n\t\t\t\t\t\t<label for=\"ixrace_user_password\">Password<\/label>\n\t\t\t\t\t\t<input type=\"password\" id=\"ixrace_user_password\" name=\"password\" required minlength=\"8\" placeholder=\"\u2022\u2022\u2022\u2022\u2022\u2022\u2022\u2022\">\n\t\t\t\t\t<\/div>\n\t\t\t\t\t<div class=\"ixrace-pro-form__field\">\n\t\t\t\t\t\t<label for=\"ixrace_user_password_confirm\">Confirmer le mot de passe<\/label>\n\t\t\t\t\t\t<input type=\"password\" id=\"ixrace_user_password_confirm\" name=\"password_confirm\" required minlength=\"8\" placeholder=\"\u2022\u2022\u2022\u2022\u2022\u2022\u2022\u2022\">\n\t\t\t\t\t<\/div>\n\t\t\t\t<\/div>\n\n\t\t\t\t<div class=\"ixrace-pro-form__field ixrace-pro-form__field--full\">\n\t\t\t\t\t<label class=\"ixrace-pro-form__checkbox\">\n\t\t\t\t\t\t<input type=\"checkbox\" name=\"newsletter\">\n\t\t\t\t\t\t<span>Je souhaite recevoir les nouveaut\u00e9s et offres IXRACE.<\/span>\n\t\t\t\t\t<\/label>\n\t\t\t\t<\/div>\n\n\t\t\t\t<div class=\"ixrace-pro-form__field ixrace-pro-form__field--full\">\n\t\t\t\t\t<label class=\"ixrace-pro-form__checkbox\">\n\t\t\t\t\t\t<input type=\"checkbox\" name=\"accept_terms\" required>\n\t\t\t\t\t\t<span>J'accepte les <a href=\"https:\/\/www.ixrace.net\/en\/faq\/\" target=\"_blank\">conditions g\u00e9n\u00e9rales de vente<\/a> et la <a href=\"https:\/\/www.ixrace.net\/en\/politique-de-confidentialite\/\" target=\"_blank\">politique de confidentialit\u00e9<\/a>.<\/span>\n\t\t\t\t\t<\/label>\n\t\t\t\t<\/div>\n\n\t\t\t\t<div class=\"ixrace-pro-form__submit\">\n\t\t\t\t\t<button type=\"submit\" class=\"ixrace-pro-form__btn\">\n\t\t\t\t\t\t<span class=\"ixrace-pro-form__btn-text\">Cr\u00e9er mon compte<\/span>\n\t\t\t\t\t\t<span class=\"ixrace-pro-form__btn-loading\" style=\"display:none;\">Cr\u00e9ation en cours...<\/span>\n\t\t\t\t\t<\/button>\n\t\t\t\t<\/div>\n\n\t\t\t\t<div id=\"ixrace-user-reg-message\" class=\"ixrace-pro-form__message\" style=\"display:none;\"><\/div>\n\t\t\t<input type=\"hidden\" name=\"trp-form-language\" value=\"en\"\/><\/form>\n\t\t<\/div>\n\t\t<\/div>\n\t\t\t\t\t\t<\/div>\n\t\t\t\t<\/div>\n\t\t<div class=\"elementor-element elementor-element-e313532 e-con-full e-flex e-con e-child\" data-id=\"e313532\" data-element_type=\"container\" data-e-type=\"container\" data-settings=\"{&quot;background_background&quot;:&quot;video&quot;,&quot;background_video_link&quot;:&quot;https:\\\/\\\/www.ixrace.net\\\/wp-content\\\/uploads\\\/2026\\\/03\\\/f14d2843-2555-498c-8395-28c9d3da4f4e.mp4&quot;,&quot;background_play_on_mobile&quot;:&quot;yes&quot;,&quot;background_privacy_mode&quot;:&quot;yes&quot;}\">\n\t\t<div class=\"elementor-background-video-container\">\n\t\t\t\t\t\t\t<video class=\"elementor-background-video-hosted\" role=\"presentation\" autoplay muted playsinline loop><\/video>\n\t\t\t\t\t<\/div>\t\t<div class=\"elementor-element elementor-element-23af4e6 elementor-widget elementor-widget-heading\" data-id=\"23af4e6\" data-element_type=\"widget\" data-e-type=\"widget\" data-widget_type=\"heading.default\">\n\t\t\t\t\t<p class=\"elementor-heading-title elementor-size-default\">The IXRACE experience starts here.<\/p>\t\t\t\t<\/div>\n\t\t<div class=\"elementor-element elementor-element-a17ebfb e-con-full e-flex e-con e-child\" data-id=\"a17ebfb\" data-element_type=\"container\" data-e-type=\"container\" data-settings=\"{&quot;background_background&quot;:&quot;classic&quot;}\">\n\t\t\t\t<div class=\"elementor-element elementor-element-a8e229a elementor-widget elementor-widget-heading\" data-id=\"a8e229a\" data-element_type=\"widget\" data-e-type=\"widget\" data-widget_type=\"heading.default\">\n\t\t\t\t\t<p class=\"elementor-heading-title elementor-size-default\">D\u00e9j\u00e0 inscrit ?<\/p>\t\t\t\t<\/div>\n\t\t<div class=\"elementor-element elementor-element-876a68f e-con-full wrapper e-flex e-con e-child\" data-id=\"876a68f\" data-element_type=\"container\" data-e-type=\"container\">\n\t\t\t\t<div class=\"elementor-element elementor-element-1c75de6 icon_left elementor-view-stacked elementor-shape-circle elementor-widget elementor-widget-icon\" data-id=\"1c75de6\" data-element_type=\"widget\" data-e-type=\"widget\" data-widget_type=\"icon.default\">\n\t\t\t\t\t\t\t<div class=\"elementor-icon-wrapper\">\n\t\t\t<a class=\"elementor-icon\" href=\"#elementor-action%3Aaction%3Dpopup%3Aopen%26settings%3DeyJpZCI6IjEwNjI4IiwidG9nZ2xlIjpmYWxzZX0%3D\">\n\t\t\t<svg xmlns=\"http:\/\/www.w3.org\/2000\/svg\" width=\"24\" height=\"24\" viewbox=\"0 0 24 24\" fill=\"none\"><path d=\"M7.83301 7.83301H16.1663M16.1663 7.83301V16.1663M16.1663 7.83301L7.83301 16.1663\" stroke=\"white\" stroke-linecap=\"round\" stroke-linejoin=\"round\"><\/path><\/svg>\t\t\t<\/a>\n\t\t<\/div>\n\t\t\t\t\t\t<\/div>\n\t\t\t\t<div class=\"elementor-element elementor-element-e0d5a2d Ani_btn elementor-widget elementor-widget-button\" data-id=\"e0d5a2d\" data-element_type=\"widget\" data-e-type=\"widget\" data-widget_type=\"button.default\">\n\t\t\t\t\t\t\t\t\t\t<a class=\"elementor-button elementor-button-link elementor-size-sm\" href=\"#elementor-action%3Aaction%3Dpopup%3Aopen%26settings%3DeyJpZCI6IjEwNjI4IiwidG9nZ2xlIjpmYWxzZX0%3D\">\n\t\t\t\t\t\t<span class=\"elementor-button-content-wrapper\">\n\t\t\t\t\t\t\t\t\t<span class=\"elementor-button-text\">Log in<\/span>\n\t\t\t\t\t<\/span>\n\t\t\t\t\t<\/a>\n\t\t\t\t\t\t\t\t<\/div>\n\t\t\t\t<div class=\"elementor-element elementor-element-9497add icon_right elementor-view-framed elementor-shape-circle elementor-widget elementor-widget-icon\" data-id=\"9497add\" data-element_type=\"widget\" data-e-type=\"widget\" data-widget_type=\"icon.default\">\n\t\t\t\t\t\t\t<div class=\"elementor-icon-wrapper\">\n\t\t\t<a class=\"elementor-icon\" href=\"#elementor-action%3Aaction%3Dpopup%3Aopen%26settings%3DeyJpZCI6IjEwNjI4IiwidG9nZ2xlIjpmYWxzZX0%3D\">\n\t\t\t<svg xmlns=\"http:\/\/www.w3.org\/2000\/svg\" width=\"24\" height=\"24\" viewbox=\"0 0 24 24\" fill=\"none\"><path d=\"M7.83301 7.83301H16.1663M16.1663 7.83301V16.1663M16.1663 7.83301L7.83301 16.1663\" stroke=\"white\" stroke-linecap=\"round\" stroke-linejoin=\"round\"><\/path><\/svg>\t\t\t<\/a>\n\t\t<\/div>\n\t\t\t\t\t\t<\/div>\n\t\t\t\t<\/div>\n\t\t\t\t<\/div>\n\t\t\t\t<\/div>\n\t\t\t\t\t<\/div>\n\t\t\t\t<\/div>\n\t\t\t\t<\/div>","protected":false},"excerpt":{"rendered":"","protected":false},"author":2,"featured_media":0,"parent":0,"menu_order":0,"comment_status":"closed","ping_status":"closed","template":"elementor_canvas","meta":{"_acf_changed":false,"site-sidebar-layout":"default","site-content-layout":"","ast-site-content-layout":"default","site-content-style":"default","site-sidebar-style":"default","ast-global-header-display":"","ast-banner-title-visibility":"","ast-main-header-display":"","ast-hfb-above-header-display":"","ast-hfb-below-header-display":"","ast-hfb-mobile-header-display":"","site-post-title":"disabled","ast-breadcrumbs-content":"","ast-featured-img":"","footer-sml-layout":"","ast-disable-related-posts":"","theme-transparent-header-meta":"","adv-header-id-meta":"","stick-header-meta":"","header-above-stick-meta":"","header-main-stick-meta":"","header-below-stick-meta":"","astra-migrate-meta-layouts":"default","ast-page-background-enabled":"default","ast-page-background-meta":{"desktop":{"background-color":"var(--ast-global-color-5)","background-image":"","background-repeat":"repeat","background-position":"center center","background-size":"auto","background-attachment":"scroll","background-type":"","background-media":"","overlay-type":"","overlay-color":"","overlay-opacity":"","overlay-gradient":""},"tablet":{"background-color":"","background-image":"","background-repeat":"repeat","background-position":"center center","background-size":"auto","background-attachment":"scroll","background-type":"","background-media":"","overlay-type":"","overlay-color":"","overlay-opacity":"","overlay-gradient":""},"mobile":{"background-color":"","background-image":"","background-repeat":"repeat","background-position":"center center","background-size":"auto","background-attachment":"scroll","background-type":"","background-media":"","overlay-type":"","overlay-color":"","overlay-opacity":"","overlay-gradient":""}},"ast-content-background-meta":{"desktop":{"background-color":"var(--ast-global-color-4)","background-image":"","background-repeat":"repeat","background-position":"center center","background-size":"auto","background-attachment":"scroll","background-type":"","background-media":"","overlay-type":"","overlay-color":"","overlay-opacity":"","overlay-gradient":""},"tablet":{"background-color":"var(--ast-global-color-4)","background-image":"","background-repeat":"repeat","background-position":"center center","background-size":"auto","background-attachment":"scroll","background-type":"","background-media":"","overlay-type":"","overlay-color":"","overlay-opacity":"","overlay-gradient":""},"mobile":{"background-color":"var(--ast-global-color-4)","background-image":"","background-repeat":"repeat","background-position":"center center","background-size":"auto","background-attachment":"scroll","background-type":"","background-media":"","overlay-type":"","overlay-color":"","overlay-opacity":"","overlay-gradient":""}},"footnotes":""},"class_list":["post-10640","page","type-page","status-publish","hentry"],"acf":[],"_links":{"self":[{"href":"https:\/\/www.ixrace.net\/en\/wp-json\/wp\/v2\/pages\/10640","targetHints":{"allow":["GET"]}}],"collection":[{"href":"https:\/\/www.ixrace.net\/en\/wp-json\/wp\/v2\/pages"}],"about":[{"href":"https:\/\/www.ixrace.net\/en\/wp-json\/wp\/v2\/types\/page"}],"author":[{"embeddable":true,"href":"https:\/\/www.ixrace.net\/en\/wp-json\/wp\/v2\/users\/2"}],"replies":[{"embeddable":true,"href":"https:\/\/www.ixrace.net\/en\/wp-json\/wp\/v2\/comments?post=10640"}],"version-history":[{"count":8,"href":"https:\/\/www.ixrace.net\/en\/wp-json\/wp\/v2\/pages\/10640\/revisions"}],"predecessor-version":[{"id":10654,"href":"https:\/\/www.ixrace.net\/en\/wp-json\/wp\/v2\/pages\/10640\/revisions\/10654"}],"wp:attachment":[{"href":"https:\/\/www.ixrace.net\/en\/wp-json\/wp\/v2\/media?parent=10640"}],"curies":[{"name":"wp","href":"https:\/\/api.w.org\/{rel}","templated":true}]}}