{"id":407,"date":"2025-12-07T22:34:20","date_gmt":"2025-12-07T22:34:20","guid":{"rendered":"https:\/\/www.ixrace.net\/?page_id=407"},"modified":"2026-04-17T07:33:06","modified_gmt":"2026-04-17T07:33:06","slug":"laser-engraving","status":"publish","type":"page","link":"https:\/\/www.ixrace.net\/en\/laser-engraving\/#TRPLINKPROCESSED","title":{"rendered":"Laser Engraving"},"content":{"rendered":"<div data-elementor-type=\"wp-page\" data-elementor-id=\"407\" class=\"elementor elementor-407\" data-elementor-post-type=\"page\">\n\t\t\t\t<div class=\"elementor-element elementor-element-4c9a0dc e-flex e-con-boxed e-con e-parent\" data-id=\"4c9a0dc\" data-element_type=\"container\" data-e-type=\"container\" data-settings=\"{&quot;background_background&quot;:&quot;classic&quot;}\">\n\t\t\t\t\t<div class=\"e-con-inner\">\n\t\t\t\t<div class=\"elementor-element elementor-element-4ad7534 elementor-widget elementor-widget-heading\" data-id=\"4ad7534\" data-element_type=\"widget\" data-e-type=\"widget\" data-widget_type=\"heading.default\">\n\t\t\t\t\t<p class=\"elementor-heading-title elementor-size-default\">Laser engraving<\/p>\t\t\t\t<\/div>\n\t\t\t\t<div class=\"elementor-element elementor-element-a0e3b92 elementor-widget elementor-widget-text-editor\" data-id=\"a0e3b92\" data-element_type=\"widget\" data-e-type=\"widget\" data-widget_type=\"text-editor.default\">\n\t\t\t\t\t\t\t\t\t<p>La signature d\u2019un savoir-faire<br \/>pr\u00e9cis et durable.<\/p>\t\t\t\t\t\t\t\t<\/div>\n\t\t\t\t\t<\/div>\n\t\t\t\t<\/div>\n\t\t<div class=\"elementor-element elementor-element-14d0d36 e-flex e-con-boxed e-con e-parent\" data-id=\"14d0d36\" data-element_type=\"container\" data-e-type=\"container\" data-settings=\"{&quot;background_background&quot;:&quot;classic&quot;}\">\n\t\t\t\t\t<div class=\"e-con-inner\">\n\t\t<div class=\"elementor-element elementor-element-eaeef26 e-con-full e-flex e-con e-child\" data-id=\"eaeef26\" data-element_type=\"container\" data-e-type=\"container\">\n\t\t\t\t<div class=\"elementor-element elementor-element-c1017c7 elementor-widget elementor-widget-heading\" data-id=\"c1017c7\" data-element_type=\"widget\" data-e-type=\"widget\" data-widget_type=\"heading.default\">\n\t\t\t\t\t<h3 class=\"elementor-heading-title elementor-size-default\">L\u2019art du d\u00e9tail<\/h3>\t\t\t\t<\/div>\n\t\t\t\t<div class=\"elementor-element elementor-element-fcda563 elementor-widget__width-initial elementor-widget elementor-widget-text-editor\" data-id=\"fcda563\" data-element_type=\"widget\" data-e-type=\"widget\" data-widget_type=\"text-editor.default\">\n\t\t\t\t\t\t\t\t\t<p>Chaque \u00e9chappement IXRACE porte une empreinte unique : sa gravure laser.\u2028R\u00e9alis\u00e9e directement dans nos ateliers, elle incarne notre exigence de pr\u00e9cision et notre volont\u00e9 d\u2019allier esth\u00e9tique et performance.\u2028Ce marquage n\u2019est pas qu\u2019un signe distinctif \u2014 c\u2019est le sceau de notre ma\u00eetrise.<\/p>\t\t\t\t\t\t\t\t<\/div>\n\t\t\t\t<\/div>\n\t\t\t\t\t<\/div>\n\t\t\t\t<\/div>\n\t\t<div class=\"elementor-element elementor-element-88d65ce e-flex e-con-boxed e-con e-parent\" data-id=\"88d65ce\" data-element_type=\"container\" data-e-type=\"container\" data-settings=\"{&quot;background_background&quot;:&quot;classic&quot;}\">\n\t\t\t\t\t<div class=\"e-con-inner\">\n\t\t<div class=\"elementor-element elementor-element-60098ba e-con-full e-flex e-con e-child\" data-id=\"60098ba\" data-element_type=\"container\" data-e-type=\"container\">\n\t\t<div class=\"elementor-element elementor-element-f4af0b0 e-con-full e-flex e-con e-child\" data-id=\"f4af0b0\" data-element_type=\"container\" data-e-type=\"container\">\n\t\t\t\t<div class=\"elementor-element elementor-element-fc564ba elementor-widget-mobile__width-initial shine-image elementor-widget elementor-widget-image\" data-id=\"fc564ba\" data-element_type=\"widget\" data-e-type=\"widget\" data-widget_type=\"image.default\">\n\t\t\t\t\t\t\t\t\t\t\t\t\t\t\t<img fetchpriority=\"high\" decoding=\"async\" width=\"1007\" height=\"700\" src=\"https:\/\/www.ixrace.net\/wp-content\/uploads\/2026\/03\/Frame-427320522-4.jpg\" class=\"attachment-full size-full wp-image-10359\" alt=\"\" srcset=\"https:\/\/www.ixrace.net\/wp-content\/uploads\/2026\/03\/Frame-427320522-4.jpg 1007w, https:\/\/www.ixrace.net\/wp-content\/uploads\/2026\/03\/Frame-427320522-4-300x209.jpg 300w, https:\/\/www.ixrace.net\/wp-content\/uploads\/2026\/03\/Frame-427320522-4-768x534.jpg 768w, https:\/\/www.ixrace.net\/wp-content\/uploads\/2026\/03\/Frame-427320522-4-600x417.jpg 600w\" sizes=\"(max-width: 1007px) 100vw, 1007px\" \/>\t\t\t\t\t\t\t\t\t\t\t\t\t\t\t<\/div>\n\t\t\t\t<\/div>\n\t\t<div class=\"elementor-element elementor-element-a31621b e-con-full e-flex e-con e-child\" data-id=\"a31621b\" data-element_type=\"container\" data-e-type=\"container\">\n\t\t\t\t<div class=\"elementor-element elementor-element-3cb3b90 elementor-widget-mobile__width-initial shine-image elementor-widget elementor-widget-image\" data-id=\"3cb3b90\" data-element_type=\"widget\" data-e-type=\"widget\" data-widget_type=\"image.default\">\n\t\t\t\t\t\t\t\t\t\t\t\t\t\t\t<img decoding=\"async\" width=\"809\" height=\"967\" src=\"https:\/\/www.ixrace.net\/wp-content\/uploads\/2026\/03\/Frame-427320522-3-1.jpg\" class=\"attachment-full size-full wp-image-10360\" alt=\"\" srcset=\"https:\/\/www.ixrace.net\/wp-content\/uploads\/2026\/03\/Frame-427320522-3-1.jpg 809w, https:\/\/www.ixrace.net\/wp-content\/uploads\/2026\/03\/Frame-427320522-3-1-251x300.jpg 251w, https:\/\/www.ixrace.net\/wp-content\/uploads\/2026\/03\/Frame-427320522-3-1-768x918.jpg 768w, https:\/\/www.ixrace.net\/wp-content\/uploads\/2026\/03\/Frame-427320522-3-1-600x717.jpg 600w\" sizes=\"(max-width: 809px) 100vw, 809px\" \/>\t\t\t\t\t\t\t\t\t\t\t\t\t\t\t<\/div>\n\t\t\t\t<\/div>\n\t\t<div class=\"elementor-element elementor-element-688981a e-con-full e-flex e-con e-child\" data-id=\"688981a\" data-element_type=\"container\" data-e-type=\"container\">\n\t\t\t\t<div class=\"elementor-element elementor-element-4131bb7 elementor-widget-mobile__width-initial shine-image elementor-widget elementor-widget-image\" data-id=\"4131bb7\" data-element_type=\"widget\" data-e-type=\"widget\" data-widget_type=\"image.default\">\n\t\t\t\t\t\t\t\t\t\t\t\t\t\t\t<img decoding=\"async\" width=\"1427\" height=\"700\" src=\"https:\/\/www.ixrace.net\/wp-content\/uploads\/2026\/03\/Frame-427320521-1.jpg\" class=\"attachment-full size-full wp-image-10361\" alt=\"\" srcset=\"https:\/\/www.ixrace.net\/wp-content\/uploads\/2026\/03\/Frame-427320521-1.jpg 1427w, https:\/\/www.ixrace.net\/wp-content\/uploads\/2026\/03\/Frame-427320521-1-300x147.jpg 300w, https:\/\/www.ixrace.net\/wp-content\/uploads\/2026\/03\/Frame-427320521-1-1024x502.jpg 1024w, https:\/\/www.ixrace.net\/wp-content\/uploads\/2026\/03\/Frame-427320521-1-768x377.jpg 768w, https:\/\/www.ixrace.net\/wp-content\/uploads\/2026\/03\/Frame-427320521-1-600x294.jpg 600w\" sizes=\"(max-width: 1427px) 100vw, 1427px\" \/>\t\t\t\t\t\t\t\t\t\t\t\t\t\t\t<\/div>\n\t\t\t\t<\/div>\n\t\t\t\t<\/div>\n\t\t<div class=\"elementor-element elementor-element-10f2c25 e-con-full e-flex e-con e-child\" data-id=\"10f2c25\" data-element_type=\"container\" data-e-type=\"container\">\n\t\t<div class=\"elementor-element elementor-element-410c7fd e-con-full e-flex e-con e-child\" data-id=\"410c7fd\" data-element_type=\"container\" data-e-type=\"container\">\n\t\t\t\t<div class=\"elementor-element elementor-element-8277215 elementor-widget-mobile__width-initial shine-image elementor-widget elementor-widget-image\" data-id=\"8277215\" data-element_type=\"widget\" data-e-type=\"widget\" data-widget_type=\"image.default\">\n\t\t\t\t\t\t\t\t\t\t\t\t\t\t\t<img loading=\"lazy\" decoding=\"async\" width=\"660\" height=\"262\" src=\"https:\/\/www.ixrace.net\/wp-content\/uploads\/2026\/04\/Frame-427320522.png\" class=\"attachment-full size-full wp-image-13825\" alt=\"\" srcset=\"https:\/\/www.ixrace.net\/wp-content\/uploads\/2026\/04\/Frame-427320522.png 660w, https:\/\/www.ixrace.net\/wp-content\/uploads\/2026\/04\/Frame-427320522-300x119.png 300w, https:\/\/www.ixrace.net\/wp-content\/uploads\/2026\/04\/Frame-427320522-600x238.png 600w\" sizes=\"(max-width: 660px) 100vw, 660px\" \/>\t\t\t\t\t\t\t\t\t\t\t\t\t\t\t<\/div>\n\t\t\t\t<\/div>\n\t\t<div class=\"elementor-element elementor-element-32bf942 e-con-full e-flex e-con e-child\" data-id=\"32bf942\" data-element_type=\"container\" data-e-type=\"container\">\n\t\t\t\t<div class=\"elementor-element elementor-element-6618c14 elementor-widget-mobile__width-initial shine-image elementor-widget elementor-widget-image\" data-id=\"6618c14\" data-element_type=\"widget\" data-e-type=\"widget\" data-widget_type=\"image.default\">\n\t\t\t\t\t\t\t\t\t\t\t\t\t\t\t<img loading=\"lazy\" decoding=\"async\" width=\"1763\" height=\"700\" src=\"https:\/\/www.ixrace.net\/wp-content\/uploads\/2026\/03\/Frame-427320522-7.jpg\" class=\"attachment-full size-full wp-image-10363\" alt=\"\" srcset=\"https:\/\/www.ixrace.net\/wp-content\/uploads\/2026\/03\/Frame-427320522-7.jpg 1763w, https:\/\/www.ixrace.net\/wp-content\/uploads\/2026\/03\/Frame-427320522-7-300x119.jpg 300w, https:\/\/www.ixrace.net\/wp-content\/uploads\/2026\/03\/Frame-427320522-7-1024x407.jpg 1024w, https:\/\/www.ixrace.net\/wp-content\/uploads\/2026\/03\/Frame-427320522-7-768x305.jpg 768w, https:\/\/www.ixrace.net\/wp-content\/uploads\/2026\/03\/Frame-427320522-7-1536x610.jpg 1536w, https:\/\/www.ixrace.net\/wp-content\/uploads\/2026\/03\/Frame-427320522-7-600x238.jpg 600w\" sizes=\"(max-width: 1763px) 100vw, 1763px\" \/>\t\t\t\t\t\t\t\t\t\t\t\t\t\t\t<\/div>\n\t\t\t\t<\/div>\n\t\t\t\t<\/div>\n\t\t\t\t\t<\/div>\n\t\t\t\t<\/div>\n\t\t<div class=\"elementor-element elementor-element-a7f6859 e-flex e-con-boxed e-con e-parent\" data-id=\"a7f6859\" data-element_type=\"container\" data-e-type=\"container\" data-settings=\"{&quot;background_background&quot;:&quot;classic&quot;}\">\n\t\t\t\t\t<div class=\"e-con-inner\">\n\t\t<div class=\"elementor-element elementor-element-7694e0f e-con-full e-flex e-con e-child\" data-id=\"7694e0f\" data-element_type=\"container\" data-e-type=\"container\">\n\t\t\t\t<div class=\"elementor-element elementor-element-08e959b elementor-widget elementor-widget-heading\" data-id=\"08e959b\" data-element_type=\"widget\" data-e-type=\"widget\" data-widget_type=\"heading.default\">\n\t\t\t\t\t<h2 class=\"elementor-heading-title elementor-size-default\">Votre empreinte, notre savoir-faire.<\/h2>\t\t\t\t<\/div>\n\t\t<div class=\"elementor-element elementor-element-c81ab76 e-grid e-con-full e-con e-child\" data-id=\"c81ab76\" data-element_type=\"container\" data-e-type=\"container\">\n\t\t\t\t<div class=\"elementor-element elementor-element-ca1c581 elementor-view-default elementor-position-block-start elementor-mobile-position-block-start elementor-widget elementor-widget-icon-box\" data-id=\"ca1c581\" data-element_type=\"widget\" data-e-type=\"widget\" data-widget_type=\"icon-box.default\">\n\t\t\t\t\t\t\t<div class=\"elementor-icon-box-wrapper\">\n\n\t\t\t\t\t\t<div class=\"elementor-icon-box-icon\">\n\t\t\t\t<span  class=\"elementor-icon\">\n\t\t\t\t<svg xmlns=\"http:\/\/www.w3.org\/2000\/svg\" width=\"52\" height=\"52\" viewbox=\"0 0 52 52\" fill=\"none\"><path d=\"M13.5 21V51M33.5 10.7L31 21H45.575C46.3512 21 47.1168 21.1807 47.8111 21.5279C48.5053 21.875 49.1093 22.379 49.575 23C50.0407 23.621 50.3555 24.3419 50.4943 25.1056C50.6332 25.8693 50.5923 26.6548 50.375 27.4L44.55 47.4C44.2471 48.4386 43.6155 49.3509 42.75 50C41.8845 50.6491 40.8318 51 39.75 51H6C4.67392 51 3.40215 50.4732 2.46447 49.5355C1.52678 48.5978 1 47.3261 1 46V26C1 24.6739 1.52678 23.4021 2.46447 22.4645C3.40215 21.5268 4.67392 21 6 21H12.9C13.8302 20.9995 14.7418 20.7395 15.5324 20.2493C16.3229 19.7591 16.9611 19.058 17.375 18.225L26 1C27.1789 1.0146 28.3393 1.29542 29.3945 1.82149C30.4497 2.34756 31.3723 3.10527 32.0935 4.03801C32.8147 4.97075 33.3158 6.0544 33.5593 7.208C33.8029 8.36161 33.7826 9.55534 33.5 10.7Z\" stroke=\"#C1001F\" stroke-width=\"2\" stroke-linecap=\"round\" stroke-linejoin=\"round\"><\/path><\/svg>\t\t\t\t<\/span>\n\t\t\t<\/div>\n\t\t\t\n\t\t\t\t\t\t<div class=\"elementor-icon-box-content\">\n\n\t\t\t\t\t\t\t\t\t<h3 class=\"elementor-icon-box-title\">\n\t\t\t\t\t\t<span  >\n\t\t\t\t\t\t\tGravure r\u00e9sistante\t\t\t\t\t\t<\/span>\n\t\t\t\t\t<\/h3>\n\t\t\t\t\n\t\t\t\t\t\t\t\t\t<p class=\"elementor-icon-box-description\">\n\t\t\t\t\t\tR\u00e9alis\u00e9e au laser directement sur l\u2019inox \nou le carbone, elle r\u00e9siste \u00e0 la chaleur \net au temps.\t\t\t\t\t<\/p>\n\t\t\t\t\n\t\t\t<\/div>\n\t\t\t\n\t\t<\/div>\n\t\t\t\t\t\t<\/div>\n\t\t\t\t<div class=\"elementor-element elementor-element-704c50e elementor-view-default elementor-position-block-start elementor-mobile-position-block-start elementor-widget elementor-widget-icon-box\" data-id=\"704c50e\" data-element_type=\"widget\" data-e-type=\"widget\" data-widget_type=\"icon-box.default\">\n\t\t\t\t\t\t\t<div class=\"elementor-icon-box-wrapper\">\n\n\t\t\t\t\t\t<div class=\"elementor-icon-box-icon\">\n\t\t\t\t<span  class=\"elementor-icon\">\n\t\t\t\t<svg xmlns=\"http:\/\/www.w3.org\/2000\/svg\" width=\"52\" height=\"47\" viewbox=\"0 0 52 47\" fill=\"none\"><path d=\"M43.5 28.5C47.225 24.85 51 20.475 51 14.75C51 11.1033 49.5513 7.60591 46.9727 5.02728C44.3941 2.44866 40.8967 1 37.25 1C32.85 1 29.75 2.25 26 6C22.25 2.25 19.15 1 14.75 1C11.1033 1 7.60591 2.44866 5.02728 5.02728C2.44866 7.60591 1 11.1033 1 14.75C1 20.5 4.75 24.875 8.5 28.5L26 46L43.5 28.5Z\" stroke=\"#C1001F\" stroke-width=\"2\" stroke-linecap=\"round\" stroke-linejoin=\"round\"><\/path><\/svg>\t\t\t\t<\/span>\n\t\t\t<\/div>\n\t\t\t\n\t\t\t\t\t\t<div class=\"elementor-icon-box-content\">\n\n\t\t\t\t\t\t\t\t\t<h3 class=\"elementor-icon-box-title\">\n\t\t\t\t\t\t<span  >\n\t\t\t\t\t\t\tPersonnalisation unique\t\t\t\t\t\t<\/span>\n\t\t\t\t\t<\/h3>\n\t\t\t\t\n\t\t\t\t\t\t\t\t\t<p class=\"elementor-icon-box-description\">\n\t\t\t\t\t\tNom, logo, motif : choisissez ce qui vous ressemble et faites-en votre signature.\t\t\t\t\t<\/p>\n\t\t\t\t\n\t\t\t<\/div>\n\t\t\t\n\t\t<\/div>\n\t\t\t\t\t\t<\/div>\n\t\t\t\t<div class=\"elementor-element elementor-element-ee1d46a elementor-view-default elementor-position-block-start elementor-mobile-position-block-start elementor-widget elementor-widget-icon-box\" data-id=\"ee1d46a\" data-element_type=\"widget\" data-e-type=\"widget\" data-widget_type=\"icon-box.default\">\n\t\t\t\t\t\t\t<div class=\"elementor-icon-box-wrapper\">\n\n\t\t\t\t\t\t<div class=\"elementor-icon-box-icon\">\n\t\t\t\t<span  class=\"elementor-icon\">\n\t\t\t\t<svg xmlns=\"http:\/\/www.w3.org\/2000\/svg\" width=\"42\" height=\"30\" viewbox=\"0 0 42 30\" fill=\"none\"><path d=\"M41 1L13.5 28.5L1 16\" stroke=\"#C1001F\" stroke-width=\"2\" stroke-linecap=\"round\" stroke-linejoin=\"round\"><\/path><\/svg>\t\t\t\t<\/span>\n\t\t\t<\/div>\n\t\t\t\n\t\t\t\t\t\t<div class=\"elementor-icon-box-content\">\n\n\t\t\t\t\t\t\t\t\t<h3 class=\"elementor-icon-box-title\">\n\t\t\t\t\t\t<span  >\n\t\t\t\t\t\t\tFinition haut de gamme\t\t\t\t\t\t<\/span>\n\t\t\t\t\t<\/h3>\n\t\t\t\t\n\t\t\t\t\t\t\t\t\t<p class=\"elementor-icon-box-description\">\n\t\t\t\t\t\tUne pr\u00e9cision au dixi\u00e8me de millim\u00e8tre pour une esth\u00e9tique soign\u00e9e et professionnelle.\t\t\t\t\t<\/p>\n\t\t\t\t\n\t\t\t<\/div>\n\t\t\t\n\t\t<\/div>\n\t\t\t\t\t\t<\/div>\n\t\t\t\t<\/div>\n\t\t\t\t<\/div>\n\t\t\t\t\t<\/div>\n\t\t\t\t<\/div>\n\t\t<div class=\"elementor-element elementor-element-ff3dfb4 e-flex e-con-boxed e-con e-parent\" data-id=\"ff3dfb4\" data-element_type=\"container\" data-e-type=\"container\" data-settings=\"{&quot;background_background&quot;:&quot;video&quot;,&quot;background_video_link&quot;:&quot;https:\\\/\\\/www.ixrace.net\\\/wp-content\\\/uploads\\\/2026\\\/03\\\/Composition-1.mp4&quot;,&quot;background_play_on_mobile&quot;:&quot;yes&quot;}\">\n\t\t\t\t\t<div class=\"e-con-inner\">\n\t\t<div class=\"elementor-background-video-container\">\n\t\t\t\t\t\t\t<video class=\"elementor-background-video-hosted\" role=\"presentation\" autoplay muted playsinline loop><\/video>\n\t\t\t\t\t<\/div>\t\t<div class=\"elementor-element elementor-element-c03fe66 elementor-widget elementor-widget-heading\" data-id=\"c03fe66\" data-element_type=\"widget\" data-e-type=\"widget\" data-widget_type=\"heading.default\">\n\t\t\t\t\t<h2 class=\"elementor-heading-title elementor-size-default\">Exprimez votre identit\u00e9.<\/h2>\t\t\t\t<\/div>\n\t\t\t\t<div class=\"elementor-element elementor-element-5f35b81 elementor-widget elementor-widget-heading\" data-id=\"5f35b81\" data-element_type=\"widget\" data-e-type=\"widget\" data-widget_type=\"heading.default\">\n\t\t\t\t\t<h5 class=\"elementor-heading-title elementor-size-default\">Signez votre \u00e9chappement, affirmez votre style.<\/h5>\t\t\t\t<\/div>\n\t\t<div class=\"elementor-element elementor-element-920d7fa e-grid e-con-full elementor-hidden-tablet elementor-hidden-mobile e-con e-child\" data-id=\"920d7fa\" data-element_type=\"container\" data-e-type=\"container\">\n\t\t<div class=\"elementor-element elementor-element-279f009 e-con-full wrapper e-flex e-con e-child\" data-id=\"279f009\" data-element_type=\"container\" data-e-type=\"container\">\n\t\t\t\t<div class=\"elementor-element elementor-element-7faa6a6 icon_left elementor-view-stacked elementor-shape-circle elementor-widget elementor-widget-icon\" data-id=\"7faa6a6\" data-element_type=\"widget\" data-e-type=\"widget\" data-widget_type=\"icon.default\">\n\t\t\t\t\t\t\t<div class=\"elementor-icon-wrapper\">\n\t\t\t<div class=\"elementor-icon\">\n\t\t\t<svg xmlns=\"http:\/\/www.w3.org\/2000\/svg\" width=\"13\" height=\"13\" viewbox=\"0 0 13 13\" fill=\"none\"><path d=\"M0.5 6.33333H12.1667M12.1667 6.33333L6.33333 0.5M12.1667 6.33333L6.33333 12.1667\" stroke=\"white\" stroke-linecap=\"round\" stroke-linejoin=\"round\"><\/path><\/svg>\t\t\t<\/div>\n\t\t<\/div>\n\t\t\t\t\t\t<\/div>\n\t\t\t\t<div class=\"elementor-element elementor-element-1d897e7 Ani_btn elementor-widget elementor-widget-button\" data-id=\"1d897e7\" data-element_type=\"widget\" data-e-type=\"widget\" data-widget_type=\"button.default\">\n\t\t\t\t\t\t\t\t\t\t<a class=\"elementor-button elementor-size-sm\" role=\"button\">\n\t\t\t\t\t\t<span class=\"elementor-button-content-wrapper\">\n\t\t\t\t\t\t\t\t\t<span class=\"elementor-button-text\">D\u00e9couvrir tous nos produits<\/span>\n\t\t\t\t\t<\/span>\n\t\t\t\t\t<\/a>\n\t\t\t\t\t\t\t\t<\/div>\n\t\t\t\t<div class=\"elementor-element elementor-element-acd8b96 icon_right elementor-view-framed elementor-shape-circle elementor-widget elementor-widget-icon\" data-id=\"acd8b96\" data-element_type=\"widget\" data-e-type=\"widget\" data-widget_type=\"icon.default\">\n\t\t\t\t\t\t\t<div class=\"elementor-icon-wrapper\">\n\t\t\t<div class=\"elementor-icon\">\n\t\t\t<svg xmlns=\"http:\/\/www.w3.org\/2000\/svg\" width=\"13\" height=\"13\" viewbox=\"0 0 13 13\" fill=\"none\"><path d=\"M0.5 6.33333H12.1667M12.1667 6.33333L6.33333 0.5M12.1667 6.33333L6.33333 12.1667\" stroke=\"white\" stroke-linecap=\"round\" stroke-linejoin=\"round\"><\/path><\/svg>\t\t\t<\/div>\n\t\t<\/div>\n\t\t\t\t\t\t<\/div>\n\t\t\t\t<\/div>\n\t\t\t\t<div class=\"elementor-element elementor-element-f29233d elementor-widget__width-initial elementor-widget elementor-widget-text-editor\" data-id=\"f29233d\" data-element_type=\"widget\" data-e-type=\"widget\" data-widget_type=\"text-editor.default\">\n\t\t\t\t\t\t\t\t\t<p>La gravure laser IXRACE, c\u2019est l\u2019alliance entre ma\u00eetrise industrielle et expression personnelle.\u2028<br \/>Chaque pi\u00e8ce devient unique, chaque ligne raconte une histoire la v\u00f4tre.<\/p>\t\t\t\t\t\t\t\t<\/div>\n\t\t\t\t<\/div>\n\t\t<div class=\"elementor-element elementor-element-030dd0f e-grid e-con-full elementor-hidden-desktop elementor-hidden-laptop e-con e-child\" data-id=\"030dd0f\" data-element_type=\"container\" data-e-type=\"container\">\n\t\t\t\t<div class=\"elementor-element elementor-element-c6dc1ac elementor-widget__width-initial elementor-widget elementor-widget-text-editor\" data-id=\"c6dc1ac\" data-element_type=\"widget\" data-e-type=\"widget\" data-widget_type=\"text-editor.default\">\n\t\t\t\t\t\t\t\t\t<p>La gravure laser IXRACE, c\u2019est l\u2019alliance entre ma\u00eetrise industrielle et expression personnelle.\u2028<br \/>Chaque pi\u00e8ce devient unique, chaque ligne raconte une histoire la v\u00f4tre.<\/p>\t\t\t\t\t\t\t\t<\/div>\n\t\t<div class=\"elementor-element elementor-element-3675e6c e-con-full wrapper e-flex e-con e-child\" data-id=\"3675e6c\" data-element_type=\"container\" data-e-type=\"container\">\n\t\t\t\t<div class=\"elementor-element elementor-element-0550495 icon_left elementor-view-stacked elementor-shape-circle elementor-widget elementor-widget-icon\" data-id=\"0550495\" data-element_type=\"widget\" data-e-type=\"widget\" data-widget_type=\"icon.default\">\n\t\t\t\t\t\t\t<div class=\"elementor-icon-wrapper\">\n\t\t\t<div class=\"elementor-icon\">\n\t\t\t<svg xmlns=\"http:\/\/www.w3.org\/2000\/svg\" width=\"13\" height=\"13\" viewbox=\"0 0 13 13\" fill=\"none\"><path d=\"M0.5 6.33333H12.1667M12.1667 6.33333L6.33333 0.5M12.1667 6.33333L6.33333 12.1667\" stroke=\"white\" stroke-linecap=\"round\" stroke-linejoin=\"round\"><\/path><\/svg>\t\t\t<\/div>\n\t\t<\/div>\n\t\t\t\t\t\t<\/div>\n\t\t\t\t<div class=\"elementor-element elementor-element-ab9d5c3 Ani_btn elementor-widget elementor-widget-button\" data-id=\"ab9d5c3\" data-element_type=\"widget\" data-e-type=\"widget\" data-widget_type=\"button.default\">\n\t\t\t\t\t\t\t\t\t\t<a class=\"elementor-button elementor-size-sm\" role=\"button\">\n\t\t\t\t\t\t<span class=\"elementor-button-content-wrapper\">\n\t\t\t\t\t\t\t\t\t<span class=\"elementor-button-text\">D\u00e9couvrir tous nos produits<\/span>\n\t\t\t\t\t<\/span>\n\t\t\t\t\t<\/a>\n\t\t\t\t\t\t\t\t<\/div>\n\t\t\t\t<div class=\"elementor-element elementor-element-0d98f2f icon_right elementor-view-framed elementor-shape-circle elementor-widget elementor-widget-icon\" data-id=\"0d98f2f\" data-element_type=\"widget\" data-e-type=\"widget\" data-widget_type=\"icon.default\">\n\t\t\t\t\t\t\t<div class=\"elementor-icon-wrapper\">\n\t\t\t<div class=\"elementor-icon\">\n\t\t\t<svg xmlns=\"http:\/\/www.w3.org\/2000\/svg\" width=\"13\" height=\"13\" viewbox=\"0 0 13 13\" fill=\"none\"><path d=\"M0.5 6.33333H12.1667M12.1667 6.33333L6.33333 0.5M12.1667 6.33333L6.33333 12.1667\" stroke=\"white\" stroke-linecap=\"round\" stroke-linejoin=\"round\"><\/path><\/svg>\t\t\t<\/div>\n\t\t<\/div>\n\t\t\t\t\t\t<\/div>\n\t\t\t\t<\/div>\n\t\t\t\t<\/div>\n\t\t\t\t\t<\/div>\n\t\t\t\t<\/div>\n\t\t\t\t<\/div>","protected":false},"excerpt":{"rendered":"<p>Gravure laser La signature d\u2019un savoir-fairepr\u00e9cis et durable. L\u2019art du d\u00e9tail Chaque \u00e9chappement IXRACE porte une empreinte unique : sa [&hellip;]<\/p>\n","protected":false},"author":1,"featured_media":0,"parent":0,"menu_order":0,"comment_status":"closed","ping_status":"closed","template":"elementor_header_footer","meta":{"_acf_changed":false,"site-sidebar-layout":"no-sidebar","site-content-layout":"","ast-site-content-layout":"full-width-container","site-content-style":"default","site-sidebar-style":"default","ast-global-header-display":"","ast-banner-title-visibility":"","ast-main-header-display":"","ast-hfb-above-header-display":"","ast-hfb-below-header-display":"","ast-hfb-mobile-header-display":"","site-post-title":"disabled","ast-breadcrumbs-content":"","ast-featured-img":"disabled","footer-sml-layout":"","ast-disable-related-posts":"","theme-transparent-header-meta":"","adv-header-id-meta":"","stick-header-meta":"","header-above-stick-meta":"","header-main-stick-meta":"","header-below-stick-meta":"","astra-migrate-meta-layouts":"default","ast-page-background-enabled":"default","ast-page-background-meta":{"desktop":{"background-color":"var(--ast-global-color-5)","background-image":"","background-repeat":"repeat","background-position":"center center","background-size":"auto","background-attachment":"scroll","background-type":"","background-media":"","overlay-type":"","overlay-color":"","overlay-opacity":"","overlay-gradient":""},"tablet":{"background-color":"","background-image":"","background-repeat":"repeat","background-position":"center center","background-size":"auto","background-attachment":"scroll","background-type":"","background-media":"","overlay-type":"","overlay-color":"","overlay-opacity":"","overlay-gradient":""},"mobile":{"background-color":"","background-image":"","background-repeat":"repeat","background-position":"center center","background-size":"auto","background-attachment":"scroll","background-type":"","background-media":"","overlay-type":"","overlay-color":"","overlay-opacity":"","overlay-gradient":""}},"ast-content-background-meta":{"desktop":{"background-color":"var(--ast-global-color-4)","background-image":"","background-repeat":"repeat","background-position":"center center","background-size":"auto","background-attachment":"scroll","background-type":"","background-media":"","overlay-type":"","overlay-color":"","overlay-opacity":"","overlay-gradient":""},"tablet":{"background-color":"var(--ast-global-color-4)","background-image":"","background-repeat":"repeat","background-position":"center center","background-size":"auto","background-attachment":"scroll","background-type":"","background-media":"","overlay-type":"","overlay-color":"","overlay-opacity":"","overlay-gradient":""},"mobile":{"background-color":"var(--ast-global-color-4)","background-image":"","background-repeat":"repeat","background-position":"center center","background-size":"auto","background-attachment":"scroll","background-type":"","background-media":"","overlay-type":"","overlay-color":"","overlay-opacity":"","overlay-gradient":""}},"footnotes":""},"class_list":["post-407","page","type-page","status-publish","hentry"],"acf":[],"_links":{"self":[{"href":"https:\/\/www.ixrace.net\/en\/wp-json\/wp\/v2\/pages\/407","targetHints":{"allow":["GET"]}}],"collection":[{"href":"https:\/\/www.ixrace.net\/en\/wp-json\/wp\/v2\/pages"}],"about":[{"href":"https:\/\/www.ixrace.net\/en\/wp-json\/wp\/v2\/types\/page"}],"author":[{"embeddable":true,"href":"https:\/\/www.ixrace.net\/en\/wp-json\/wp\/v2\/users\/1"}],"replies":[{"embeddable":true,"href":"https:\/\/www.ixrace.net\/en\/wp-json\/wp\/v2\/comments?post=407"}],"version-history":[{"count":181,"href":"https:\/\/www.ixrace.net\/en\/wp-json\/wp\/v2\/pages\/407\/revisions"}],"predecessor-version":[{"id":13828,"href":"https:\/\/www.ixrace.net\/en\/wp-json\/wp\/v2\/pages\/407\/revisions\/13828"}],"wp:attachment":[{"href":"https:\/\/www.ixrace.net\/en\/wp-json\/wp\/v2\/media?parent=407"}],"curies":[{"name":"wp","href":"https:\/\/api.w.org\/{rel}","templated":true}]}}