{"id":818,"date":"2025-12-08T19:03:30","date_gmt":"2025-12-08T19:03:30","guid":{"rendered":"https:\/\/www.ixrace.net\/?page_id=818"},"modified":"2026-03-27T10:36:03","modified_gmt":"2026-03-27T10:36:03","slug":"values","status":"publish","type":"page","link":"https:\/\/www.ixrace.net\/en\/values\/#TRPLINKPROCESSED","title":{"rendered":"Values"},"content":{"rendered":"<div data-elementor-type=\"wp-page\" data-elementor-id=\"818\" class=\"elementor elementor-818\" data-elementor-post-type=\"page\">\n\t\t\t\t<div class=\"elementor-element elementor-element-ddbded6 e-flex e-con-boxed e-con e-parent\" data-id=\"ddbded6\" data-element_type=\"container\" data-e-type=\"container\" data-settings=\"{&quot;background_background&quot;:&quot;classic&quot;}\">\n\t\t\t\t\t<div class=\"e-con-inner\">\n\t\t\t\t<div class=\"elementor-element elementor-element-1ffaee4 elementor-widget elementor-widget-heading\" data-id=\"1ffaee4\" data-element_type=\"widget\" data-e-type=\"widget\" data-widget_type=\"heading.default\">\n\t\t\t\t\t<p class=\"elementor-heading-title elementor-size-default\">Nos valeurs, <br>\nnotre moteur<\/p>\t\t\t\t<\/div>\n\t\t\t\t<div class=\"elementor-element elementor-element-d0f4822 elementor-widget elementor-widget-text-editor\" data-id=\"d0f4822\" data-element_type=\"widget\" data-e-type=\"widget\" data-widget_type=\"text-editor.default\">\n\t\t\t\t\t\t\t\t\t<p>L\u2019exigence, la fiabilit\u00e9 et la passion <br \/>au c\u0153ur de chaque \u00e9chappement.<\/p>\t\t\t\t\t\t\t\t<\/div>\n\t\t\t\t\t<\/div>\n\t\t\t\t<\/div>\n\t\t<div class=\"elementor-element elementor-element-c9788a4 e-flex e-con-boxed e-con e-parent\" data-id=\"c9788a4\" data-element_type=\"container\" data-e-type=\"container\" data-settings=\"{&quot;background_background&quot;:&quot;classic&quot;}\">\n\t\t\t\t\t<div class=\"e-con-inner\">\n\t\t<div class=\"elementor-element elementor-element-1e8225f e-con-full e-flex e-con e-child\" data-id=\"1e8225f\" data-element_type=\"container\" data-e-type=\"container\">\n\t\t\t\t<div class=\"elementor-element elementor-element-24010be elementor-widget elementor-widget-heading\" data-id=\"24010be\" data-element_type=\"widget\" data-e-type=\"widget\" data-widget_type=\"heading.default\">\n\t\t\t\t\t<h3 class=\"elementor-heading-title elementor-size-default\">Plus qu\u2019un \u00e9chappement, <br>\nune vision de la moto.<\/h3>\t\t\t\t<\/div>\n\t\t\t\t<div class=\"elementor-element elementor-element-f6ab959 elementor-widget__width-initial elementor-widget elementor-widget-text-editor\" data-id=\"f6ab959\" data-element_type=\"widget\" data-e-type=\"widget\" data-widget_type=\"text-editor.default\">\n\t\t\t\t\t\t\t\t\t<p>Chez IXRACE, chaque produit incarne une conviction : la performance n\u2019a de sens que si elle respecte l\u2019authenticit\u00e9 du pilotage.\u2028<br \/>Nous concevons des lignes d\u2019\u00e9chappement fiables, accessibles et pleines de caract\u00e8re un \u00e9quilibre entre technologie, passion et ma\u00eetrise.<\/p>\t\t\t\t\t\t\t\t<\/div>\n\t\t<div class=\"elementor-element elementor-element-412bde7 e-con-full wrapper e-flex e-con e-child\" data-id=\"412bde7\" data-element_type=\"container\" data-e-type=\"container\">\n\t\t\t\t<div class=\"elementor-element elementor-element-bf8cf46 icon_left elementor-view-stacked elementor-shape-circle elementor-widget elementor-widget-icon\" data-id=\"bf8cf46\" data-element_type=\"widget\" data-e-type=\"widget\" data-widget_type=\"icon.default\">\n\t\t\t\t\t\t\t<div class=\"elementor-icon-wrapper\">\n\t\t\t<div class=\"elementor-icon\">\n\t\t\t<svg xmlns=\"http:\/\/www.w3.org\/2000\/svg\" width=\"24\" height=\"24\" viewbox=\"0 0 24 24\" fill=\"none\"><path d=\"M7.83301 7.83301H16.1663M16.1663 7.83301V16.1663M16.1663 7.83301L7.83301 16.1663\" stroke=\"white\" stroke-linecap=\"round\" stroke-linejoin=\"round\"><\/path><\/svg>\t\t\t<\/div>\n\t\t<\/div>\n\t\t\t\t\t\t<\/div>\n\t\t\t\t<div class=\"elementor-element elementor-element-be0b6e7 Ani_btn elementor-widget elementor-widget-button\" data-id=\"be0b6e7\" data-element_type=\"widget\" data-e-type=\"widget\" data-widget_type=\"button.default\">\n\t\t\t\t\t\t\t\t\t\t<a class=\"elementor-button elementor-button-link elementor-size-sm\" href=\"#\">\n\t\t\t\t\t\t<span class=\"elementor-button-content-wrapper\">\n\t\t\t\t\t\t\t\t\t<span class=\"elementor-button-text\">Explore our technology<\/span>\n\t\t\t\t\t<\/span>\n\t\t\t\t\t<\/a>\n\t\t\t\t\t\t\t\t<\/div>\n\t\t\t\t<div class=\"elementor-element elementor-element-e064663 icon_right elementor-view-framed elementor-shape-circle elementor-widget elementor-widget-icon\" data-id=\"e064663\" data-element_type=\"widget\" data-e-type=\"widget\" data-widget_type=\"icon.default\">\n\t\t\t\t\t\t\t<div class=\"elementor-icon-wrapper\">\n\t\t\t<div class=\"elementor-icon\">\n\t\t\t<svg xmlns=\"http:\/\/www.w3.org\/2000\/svg\" width=\"24\" height=\"24\" viewbox=\"0 0 24 24\" fill=\"none\"><path d=\"M7.83301 7.83301H16.1663M16.1663 7.83301V16.1663M16.1663 7.83301L7.83301 16.1663\" stroke=\"white\" stroke-linecap=\"round\" stroke-linejoin=\"round\"><\/path><\/svg>\t\t\t<\/div>\n\t\t<\/div>\n\t\t\t\t\t\t<\/div>\n\t\t\t\t<\/div>\n\t\t\t\t<\/div>\n\t\t\t\t\t<\/div>\n\t\t\t\t<\/div>\n\t\t<div class=\"elementor-element elementor-element-ebe3787 e-flex e-con-boxed e-con e-parent\" data-id=\"ebe3787\" data-element_type=\"container\" data-e-type=\"container\" data-settings=\"{&quot;background_background&quot;:&quot;classic&quot;}\">\n\t\t\t\t\t<div class=\"e-con-inner\">\n\t\t<div class=\"elementor-element elementor-element-1f83405 e-con-full e-flex e-con e-child\" data-id=\"1f83405\" data-element_type=\"container\" data-e-type=\"container\" data-settings=\"{&quot;background_background&quot;:&quot;classic&quot;}\">\n\t\t\t\t<div class=\"elementor-element elementor-element-9cfd06d elementor-widget elementor-widget-heading\" data-id=\"9cfd06d\" data-element_type=\"widget\" data-e-type=\"widget\" data-widget_type=\"heading.default\">\n\t\t\t\t\t<h3 class=\"elementor-heading-title elementor-size-default\">Authenticit\u00e9 m\u00e9canique<\/h3>\t\t\t\t<\/div>\n\t\t\t\t<div class=\"elementor-element elementor-element-144147d elementor-widget__width-initial elementor-widget elementor-widget-text-editor\" data-id=\"144147d\" data-element_type=\"widget\" data-e-type=\"widget\" data-widget_type=\"text-editor.default\">\n\t\t\t\t\t\t\t\t\t<p>IXRACE est n\u00e9e de la volont\u00e9 de rester fid\u00e8le \u00e0 la culture moto.\u2028<br \/>Nos \u00e9chappements prolongent la m\u00e9canique sans la d\u00e9naturer : un design sinc\u00e8re, un son brut, une pr\u00e9sence assum\u00e9e.\u2028<br \/>Chaque d\u00e9tail est pens\u00e9 pour raviver le lien entre le pilote, sa machine et la route.<\/p>\t\t\t\t\t\t\t\t<\/div>\n\t\t<div class=\"elementor-element elementor-element-9e4d0a4 e-con-full wrapper e-flex e-con e-child\" data-id=\"9e4d0a4\" data-element_type=\"container\" data-e-type=\"container\">\n\t\t\t\t<div class=\"elementor-element elementor-element-fde99b0 icon_left elementor-view-stacked elementor-shape-circle elementor-widget elementor-widget-icon\" data-id=\"fde99b0\" data-element_type=\"widget\" data-e-type=\"widget\" data-widget_type=\"icon.default\">\n\t\t\t\t\t\t\t<div class=\"elementor-icon-wrapper\">\n\t\t\t<div class=\"elementor-icon\">\n\t\t\t<svg xmlns=\"http:\/\/www.w3.org\/2000\/svg\" width=\"24\" height=\"24\" viewbox=\"0 0 24 24\" fill=\"none\"><path d=\"M7.83301 7.83301H16.1663M16.1663 7.83301V16.1663M16.1663 7.83301L7.83301 16.1663\" stroke=\"white\" stroke-linecap=\"round\" stroke-linejoin=\"round\"><\/path><\/svg>\t\t\t<\/div>\n\t\t<\/div>\n\t\t\t\t\t\t<\/div>\n\t\t\t\t<div class=\"elementor-element elementor-element-48ba823 Ani_btn elementor-widget elementor-widget-button\" data-id=\"48ba823\" data-element_type=\"widget\" data-e-type=\"widget\" data-widget_type=\"button.default\">\n\t\t\t\t\t\t\t\t\t\t<a class=\"elementor-button elementor-button-link elementor-size-sm\" href=\"#\">\n\t\t\t\t\t\t<span class=\"elementor-button-content-wrapper\">\n\t\t\t\t\t\t\t\t\t<span class=\"elementor-button-text\">D\u00e9couvrir tous nos produits<\/span>\n\t\t\t\t\t<\/span>\n\t\t\t\t\t<\/a>\n\t\t\t\t\t\t\t\t<\/div>\n\t\t\t\t<div class=\"elementor-element elementor-element-00637b7 icon_right elementor-view-framed elementor-shape-circle elementor-widget elementor-widget-icon\" data-id=\"00637b7\" data-element_type=\"widget\" data-e-type=\"widget\" data-widget_type=\"icon.default\">\n\t\t\t\t\t\t\t<div class=\"elementor-icon-wrapper\">\n\t\t\t<div class=\"elementor-icon\">\n\t\t\t<svg xmlns=\"http:\/\/www.w3.org\/2000\/svg\" width=\"24\" height=\"24\" viewbox=\"0 0 24 24\" fill=\"none\"><path d=\"M7.83301 7.83301H16.1663M16.1663 7.83301V16.1663M16.1663 7.83301L7.83301 16.1663\" stroke=\"white\" stroke-linecap=\"round\" stroke-linejoin=\"round\"><\/path><\/svg>\t\t\t<\/div>\n\t\t<\/div>\n\t\t\t\t\t\t<\/div>\n\t\t\t\t<\/div>\n\t\t\t\t<\/div>\n\t\t\t\t\t<\/div>\n\t\t\t\t<\/div>\n\t\t<div class=\"elementor-element elementor-element-ff3da29 e-con-full e-flex e-con e-parent\" data-id=\"ff3da29\" data-element_type=\"container\" data-e-type=\"container\" data-settings=\"{&quot;background_background&quot;:&quot;classic&quot;}\">\n\t\t<div class=\"elementor-element elementor-element-f955892 e-flex e-con-boxed e-con e-child\" data-id=\"f955892\" data-element_type=\"container\" data-e-type=\"container\">\n\t\t\t\t\t<div class=\"e-con-inner\">\n\t\t\t\t<div class=\"elementor-element elementor-element-ebba09d elementor-widget elementor-widget-heading\" data-id=\"ebba09d\" data-element_type=\"widget\" data-e-type=\"widget\" data-widget_type=\"heading.default\">\n\t\t\t\t\t<h2 class=\"elementor-heading-title elementor-size-default\">Innovation utile<\/h2>\t\t\t\t<\/div>\n\t\t\t\t<div class=\"elementor-element elementor-element-2c7b387 elementor-widget elementor-widget-heading\" data-id=\"2c7b387\" data-element_type=\"widget\" data-e-type=\"widget\" data-widget_type=\"heading.default\">\n\t\t\t\t\t<h5 class=\"elementor-heading-title elementor-size-default\">La technologie au service du plaisir<\/h5>\t\t\t\t<\/div>\n\t\t\t\t<div class=\"elementor-element elementor-element-935576a elementor-widget__width-initial elementor-widget elementor-widget-text-editor\" data-id=\"935576a\" data-element_type=\"widget\" data-e-type=\"widget\" data-widget_type=\"text-editor.default\">\n\t\t\t\t\t\t\t\t\t<p>Nos innovations ne cherchent pas l\u2019effet, mais le r\u00e9sultat.\u2028<br \/>Gravure laser, carbone forg\u00e9, tests acoustiques : chaque technologie a une fonction claire am\u00e9liorer la l\u00e9g\u00e8ret\u00e9, la durabilit\u00e9 et la sonorit\u00e9.\u2028<br \/>Nous innovons pour intensifier l\u2019exp\u00e9rience de conduite, pas pour la complexifier.<\/p>\t\t\t\t\t\t\t\t<\/div>\n\t\t<div class=\"elementor-element elementor-element-f90100d e-con-full wrapper e-flex e-con e-child\" data-id=\"f90100d\" data-element_type=\"container\" data-e-type=\"container\">\n\t\t\t\t<div class=\"elementor-element elementor-element-9d60f51 icon_left elementor-view-stacked elementor-shape-circle elementor-widget elementor-widget-icon\" data-id=\"9d60f51\" data-element_type=\"widget\" data-e-type=\"widget\" data-widget_type=\"icon.default\">\n\t\t\t\t\t\t\t<div class=\"elementor-icon-wrapper\">\n\t\t\t<div class=\"elementor-icon\">\n\t\t\t<svg xmlns=\"http:\/\/www.w3.org\/2000\/svg\" width=\"24\" height=\"24\" viewbox=\"0 0 24 24\" fill=\"none\"><path d=\"M7.83301 7.83301H16.1663M16.1663 7.83301V16.1663M16.1663 7.83301L7.83301 16.1663\" stroke=\"white\" stroke-linecap=\"round\" stroke-linejoin=\"round\"><\/path><\/svg>\t\t\t<\/div>\n\t\t<\/div>\n\t\t\t\t\t\t<\/div>\n\t\t\t\t<div class=\"elementor-element elementor-element-464c643 Ani_btn elementor-widget elementor-widget-button\" data-id=\"464c643\" data-element_type=\"widget\" data-e-type=\"widget\" data-widget_type=\"button.default\">\n\t\t\t\t\t\t\t\t\t\t<a class=\"elementor-button elementor-button-link elementor-size-sm\" href=\"#\">\n\t\t\t\t\t\t<span class=\"elementor-button-content-wrapper\">\n\t\t\t\t\t\t\t\t\t<span class=\"elementor-button-text\">D\u00e9couvrir tous nos produits<\/span>\n\t\t\t\t\t<\/span>\n\t\t\t\t\t<\/a>\n\t\t\t\t\t\t\t\t<\/div>\n\t\t\t\t<div class=\"elementor-element elementor-element-72aec76 icon_right elementor-view-framed elementor-shape-circle elementor-widget elementor-widget-icon\" data-id=\"72aec76\" data-element_type=\"widget\" data-e-type=\"widget\" data-widget_type=\"icon.default\">\n\t\t\t\t\t\t\t<div class=\"elementor-icon-wrapper\">\n\t\t\t<div class=\"elementor-icon\">\n\t\t\t<svg xmlns=\"http:\/\/www.w3.org\/2000\/svg\" width=\"24\" height=\"24\" viewbox=\"0 0 24 24\" fill=\"none\"><path d=\"M7.83301 7.83301H16.1663M16.1663 7.83301V16.1663M16.1663 7.83301L7.83301 16.1663\" stroke=\"white\" stroke-linecap=\"round\" stroke-linejoin=\"round\"><\/path><\/svg>\t\t\t<\/div>\n\t\t<\/div>\n\t\t\t\t\t\t<\/div>\n\t\t\t\t<\/div>\n\t\t\t\t\t<\/div>\n\t\t\t\t<\/div>\n\t\t<div class=\"elementor-element elementor-element-27c9e37 e-flex e-con-boxed e-con e-child\" data-id=\"27c9e37\" data-element_type=\"container\" data-e-type=\"container\">\n\t\t\t\t\t<div class=\"e-con-inner\">\n\t\t<div class=\"elementor-element elementor-element-1bead7b e-con-full e-flex e-con e-child\" data-id=\"1bead7b\" data-element_type=\"container\" data-e-type=\"container\">\n\t\t\t\t<div class=\"elementor-element elementor-element-59a5e6a elementor-widget elementor-widget-heading\" data-id=\"59a5e6a\" data-element_type=\"widget\" data-e-type=\"widget\" data-widget_type=\"heading.default\">\n\t\t\t\t\t<h2 class=\"elementor-heading-title elementor-size-default\">Une excellence \naccessible<\/h2>\t\t\t\t<\/div>\n\t\t\t\t<div class=\"elementor-element elementor-element-606be0f elementor-widget elementor-widget-text-editor\" data-id=\"606be0f\" data-element_type=\"widget\" data-e-type=\"widget\" data-widget_type=\"text-editor.default\">\n\t\t\t\t\t\t\t\t\t<p>Nous d\u00e9fendons une id\u00e9e simple : la qualit\u00e9 ne doit pas \u00eatre un privil\u00e8ge.\u2028En limitant nos marges et nos co\u00fbts marketing, nous rendons la performance IXRACE accessible sans compromis.\u2028C\u2019est ce rapport honn\u00eate entre prix, fiabilit\u00e9 et plaisir qui fait la force de notre marque.<\/p>\t\t\t\t\t\t\t\t<\/div>\n\t\t\t\t<\/div>\n\t\t<div class=\"elementor-element elementor-element-aa9381d e-con-full e-flex e-con e-child\" data-id=\"aa9381d\" data-element_type=\"container\" data-e-type=\"container\">\n\t\t\t\t<div class=\"elementor-element elementor-element-bb0650d elementor-widget elementor-widget-image\" data-id=\"bb0650d\" data-element_type=\"widget\" data-e-type=\"widget\" data-widget_type=\"image.default\">\n\t\t\t\t\t\t\t\t\t\t\t\t\t\t\t<img fetchpriority=\"high\" decoding=\"async\" width=\"709\" height=\"545\" src=\"https:\/\/www.ixrace.net\/wp-content\/uploads\/2026\/03\/hero-6.png\" class=\"attachment-full size-full wp-image-10414\" alt=\"\" srcset=\"https:\/\/www.ixrace.net\/wp-content\/uploads\/2026\/03\/hero-6.png 709w, https:\/\/www.ixrace.net\/wp-content\/uploads\/2026\/03\/hero-6-300x231.png 300w, https:\/\/www.ixrace.net\/wp-content\/uploads\/2026\/03\/hero-6-600x461.png 600w\" sizes=\"(max-width: 709px) 100vw, 709px\" \/>\t\t\t\t\t\t\t\t\t\t\t\t\t\t\t<\/div>\n\t\t\t\t<\/div>\n\t\t\t\t\t<\/div>\n\t\t\t\t<\/div>\n\t\t\t\t<\/div>\n\t\t<div class=\"elementor-element elementor-element-efe1229 e-flex e-con-boxed e-con e-parent\" data-id=\"efe1229\" data-element_type=\"container\" data-e-type=\"container\" data-settings=\"{&quot;background_background&quot;:&quot;classic&quot;}\">\n\t\t\t\t\t<div class=\"e-con-inner\">\n\t\t<div class=\"elementor-element elementor-element-4cd0b96 e-con-full e-flex e-con e-child\" data-id=\"4cd0b96\" data-element_type=\"container\" data-e-type=\"container\">\n\t\t\t\t<div class=\"elementor-element elementor-element-b820763 elementor-widget elementor-widget-heading\" data-id=\"b820763\" data-element_type=\"widget\" data-e-type=\"widget\" data-widget_type=\"heading.default\">\n\t\t\t\t\t<h2 class=\"elementor-heading-title elementor-size-default\">Ma\u00eetrise responsable<\/h2>\t\t\t\t<\/div>\n\t\t\t\t<div class=\"elementor-element elementor-element-66d72eb elementor-widget elementor-widget-text-editor\" data-id=\"66d72eb\" data-element_type=\"widget\" data-e-type=\"widget\" data-widget_type=\"text-editor.default\">\n\t\t\t\t\t\t\t\t\t<p>Chez IXRACE, la ma\u00eetrise est une philosophie : concevoir avec pr\u00e9cision, <br \/>fabriquer durablement, et garantir la m\u00eame exigence sur chaque produit.<\/p>\t\t\t\t\t\t\t\t<\/div>\n\t\t<div class=\"elementor-element elementor-element-5f81db5 e-grid e-con-full e-con e-child\" data-id=\"5f81db5\" data-element_type=\"container\" data-e-type=\"container\">\n\t\t\t\t<div class=\"elementor-element elementor-element-f4bc9e2 elementor-view-default elementor-position-block-start elementor-mobile-position-block-start elementor-widget elementor-widget-icon-box\" data-id=\"f4bc9e2\" data-element_type=\"widget\" data-e-type=\"widget\" data-widget_type=\"icon-box.default\">\n\t\t\t\t\t\t\t<div class=\"elementor-icon-box-wrapper\">\n\n\t\t\t\t\t\t<div class=\"elementor-icon-box-icon\">\n\t\t\t\t<span  class=\"elementor-icon\">\n\t\t\t\t<svg xmlns=\"http:\/\/www.w3.org\/2000\/svg\" width=\"52\" height=\"52\" viewbox=\"0 0 52 52\" fill=\"none\"><path d=\"M51 23.7143V26.0143C50.9969 31.4054 49.2512 36.651 46.0233 40.9689C42.7954 45.2867 38.2582 48.4455 33.0884 49.9741C27.9186 51.5026 22.3931 51.3191 17.3362 49.4508C12.2792 47.5825 7.96164 44.1296 5.0274 39.607C2.09317 35.0844 0.699478 29.7345 1.05419 24.3551C1.40891 18.9757 3.49302 13.8551 6.9957 9.75699C10.4984 5.65886 15.232 2.80277 20.4905 1.61467C25.749 0.426584 31.2507 0.970152 36.175 3.16431M51 6.01434L26 31.0393L18.5 23.5393\" stroke=\"#C1001F\" stroke-width=\"2\" stroke-linecap=\"round\" stroke-linejoin=\"round\"><\/path><\/svg>\t\t\t\t<\/span>\n\t\t\t<\/div>\n\t\t\t\n\t\t\t\t\t\t<div class=\"elementor-icon-box-content\">\n\n\t\t\t\t\t\t\t\t\t<h3 class=\"elementor-icon-box-title\">\n\t\t\t\t\t\t<span  >\n\t\t\t\t\t\t\t15 ans d\u2019expertise\t\t\t\t\t\t<\/span>\n\t\t\t\t\t<\/h3>\n\t\t\t\t\n\t\t\t\t\t\t\t\t\t<p class=\"elementor-icon-box-description\">\n\t\t\t\t\t\tNous optimisons chaque \u00e9tape de la conception et de la distribution pour offrir le meilleur rapport qualit\u00e9\/prix du march\u00e9.\t\t\t\t\t<\/p>\n\t\t\t\t\n\t\t\t<\/div>\n\t\t\t\n\t\t<\/div>\n\t\t\t\t\t\t<\/div>\n\t\t\t\t<div class=\"elementor-element elementor-element-26f6591 elementor-view-default elementor-position-block-start elementor-mobile-position-block-start elementor-widget elementor-widget-icon-box\" data-id=\"26f6591\" data-element_type=\"widget\" data-e-type=\"widget\" data-widget_type=\"icon-box.default\">\n\t\t\t\t\t\t\t<div class=\"elementor-icon-box-wrapper\">\n\n\t\t\t\t\t\t<div class=\"elementor-icon-box-icon\">\n\t\t\t\t<span  class=\"elementor-icon\">\n\t\t\t\t<svg xmlns=\"http:\/\/www.w3.org\/2000\/svg\" width=\"52\" height=\"52\" viewbox=\"0 0 52 52\" fill=\"none\"><path d=\"M13.5 21V51M33.5 10.7L31 21H45.575C46.3512 21 47.1168 21.1807 47.8111 21.5279C48.5053 21.875 49.1093 22.379 49.575 23C50.0407 23.621 50.3555 24.3419 50.4943 25.1056C50.6332 25.8693 50.5923 26.6548 50.375 27.4L44.55 47.4C44.2471 48.4386 43.6155 49.3509 42.75 50C41.8845 50.6491 40.8318 51 39.75 51H6C4.67392 51 3.40215 50.4732 2.46447 49.5355C1.52678 48.5978 1 47.3261 1 46V26C1 24.6739 1.52678 23.4021 2.46447 22.4645C3.40215 21.5268 4.67392 21 6 21H12.9C13.8302 20.9995 14.7418 20.7395 15.5324 20.2493C16.3229 19.7591 16.9611 19.058 17.375 18.225L26 1C27.1789 1.0146 28.3393 1.29542 29.3945 1.82149C30.4497 2.34756 31.3723 3.10527 32.0935 4.03801C32.8147 4.97075 33.3158 6.0544 33.5593 7.208C33.8029 8.36161 33.7826 9.55534 33.5 10.7Z\" stroke=\"#C1001F\" stroke-width=\"2\" stroke-linecap=\"round\" stroke-linejoin=\"round\"><\/path><\/svg>\t\t\t\t<\/span>\n\t\t\t<\/div>\n\t\t\t\n\t\t\t\t\t\t<div class=\"elementor-icon-box-content\">\n\n\t\t\t\t\t\t\t\t\t<h3 class=\"elementor-icon-box-title\">\n\t\t\t\t\t\t<span  >\n\t\t\t\t\t\t\tMod\u00e8les compatibles\t\t\t\t\t\t<\/span>\n\t\t\t\t\t<\/h3>\n\t\t\t\t\n\t\t\t\t\t\t\t\t\t<p class=\"elementor-icon-box-description\">\n\t\t\t\t\t\tNos lignes couvrent les principales marques et styles de moto, sans jamais compromettre la qualit\u00e9 ni l\u2019identit\u00e9 IXRACE.\t\t\t\t\t<\/p>\n\t\t\t\t\n\t\t\t<\/div>\n\t\t\t\n\t\t<\/div>\n\t\t\t\t\t\t<\/div>\n\t\t\t\t<div class=\"elementor-element elementor-element-c70fe82 elementor-view-default elementor-position-block-start elementor-mobile-position-block-start elementor-widget elementor-widget-icon-box\" data-id=\"c70fe82\" data-element_type=\"widget\" data-e-type=\"widget\" data-widget_type=\"icon-box.default\">\n\t\t\t\t\t\t\t<div class=\"elementor-icon-box-wrapper\">\n\n\t\t\t\t\t\t<div class=\"elementor-icon-box-icon\">\n\t\t\t\t<span  class=\"elementor-icon\">\n\t\t\t\t<svg xmlns=\"http:\/\/www.w3.org\/2000\/svg\" width=\"52\" height=\"47\" viewbox=\"0 0 52 47\" fill=\"none\"><path d=\"M26 6C29.75 2.25 32.85 1 37.25 1C40.8967 1 44.3941 2.44866 46.9727 5.02728C49.5513 7.60591 51 11.1033 51 14.75C51 20.475 47.225 24.85 43.5 28.5L26 46L8.5 28.5C4.75 24.875 1 20.5 1 14.75C1 11.1033 2.44866 7.60591 5.02728 5.02728C7.60591 2.44866 11.1033 1 14.75 1C19.15 1 22.25 2.25 26 6ZM26 6L18.6003 13.4C18.0923 13.9043 17.6892 14.5041 17.4141 15.1648C17.1389 15.8256 16.9973 16.5343 16.9973 17.25C16.9973 17.9657 17.1389 18.6744 17.4141 19.3352C17.6892 19.9959 18.0923 20.5957 18.6003 21.1C20.6503 23.15 23.9253 23.225 26.1003 21.275L31.2753 16.525C32.5724 15.348 34.2612 14.696 36.0128 14.696C37.7643 14.696 39.4531 15.348 40.7503 16.525L48.1503 23.175M41 31L36 26M33.5 38.5L28.5 33.5\" stroke=\"#C1001F\" stroke-width=\"2\" stroke-linecap=\"round\" stroke-linejoin=\"round\"><\/path><\/svg>\t\t\t\t<\/span>\n\t\t\t<\/div>\n\t\t\t\n\t\t\t\t\t\t<div class=\"elementor-icon-box-content\">\n\n\t\t\t\t\t\t\t\t\t<h3 class=\"elementor-icon-box-title\">\n\t\t\t\t\t\t<span  >\n\t\t\t\t\t\t\t+400 partenaires\t\t\t\t\t\t<\/span>\n\t\t\t\t\t<\/h3>\n\t\t\t\t\n\t\t\t\t\t\t\t\t\t<p class=\"elementor-icon-box-description\">\n\t\t\t\t\t\tUn r\u00e9seau solide de garages et revendeurs agr\u00e9\u00e9s, gage d\u2019un service de proximit\u00e9 et d\u2019un montage professionnel.\t\t\t\t\t<\/p>\n\t\t\t\t\n\t\t\t<\/div>\n\t\t\t\n\t\t<\/div>\n\t\t\t\t\t\t<\/div>\n\t\t\t\t<\/div>\n\t\t\t\t<\/div>\n\t\t\t\t\t<\/div>\n\t\t\t\t<\/div>\n\t\t\t\t<\/div>","protected":false},"excerpt":{"rendered":"<p>Nos valeurs, notre moteur L\u2019exigence, la fiabilit\u00e9 et la passion au c\u0153ur de chaque \u00e9chappement. Plus qu\u2019un \u00e9chappement, une vision [&hellip;]<\/p>\n","protected":false},"author":1,"featured_media":0,"parent":0,"menu_order":0,"comment_status":"closed","ping_status":"closed","template":"elementor_header_footer","meta":{"_acf_changed":false,"site-sidebar-layout":"no-sidebar","site-content-layout":"","ast-site-content-layout":"full-width-container","site-content-style":"default","site-sidebar-style":"default","ast-global-header-display":"","ast-banner-title-visibility":"","ast-main-header-display":"","ast-hfb-above-header-display":"","ast-hfb-below-header-display":"","ast-hfb-mobile-header-display":"","site-post-title":"disabled","ast-breadcrumbs-content":"","ast-featured-img":"disabled","footer-sml-layout":"","ast-disable-related-posts":"","theme-transparent-header-meta":"","adv-header-id-meta":"","stick-header-meta":"","header-above-stick-meta":"","header-main-stick-meta":"","header-below-stick-meta":"","astra-migrate-meta-layouts":"default","ast-page-background-enabled":"default","ast-page-background-meta":{"desktop":{"background-color":"var(--ast-global-color-5)","background-image":"","background-repeat":"repeat","background-position":"center center","background-size":"auto","background-attachment":"scroll","background-type":"","background-media":"","overlay-type":"","overlay-color":"","overlay-opacity":"","overlay-gradient":""},"tablet":{"background-color":"","background-image":"","background-repeat":"repeat","background-position":"center center","background-size":"auto","background-attachment":"scroll","background-type":"","background-media":"","overlay-type":"","overlay-color":"","overlay-opacity":"","overlay-gradient":""},"mobile":{"background-color":"","background-image":"","background-repeat":"repeat","background-position":"center center","background-size":"auto","background-attachment":"scroll","background-type":"","background-media":"","overlay-type":"","overlay-color":"","overlay-opacity":"","overlay-gradient":""}},"ast-content-background-meta":{"desktop":{"background-color":"var(--ast-global-color-4)","background-image":"","background-repeat":"repeat","background-position":"center center","background-size":"auto","background-attachment":"scroll","background-type":"","background-media":"","overlay-type":"","overlay-color":"","overlay-opacity":"","overlay-gradient":""},"tablet":{"background-color":"var(--ast-global-color-4)","background-image":"","background-repeat":"repeat","background-position":"center center","background-size":"auto","background-attachment":"scroll","background-type":"","background-media":"","overlay-type":"","overlay-color":"","overlay-opacity":"","overlay-gradient":""},"mobile":{"background-color":"var(--ast-global-color-4)","background-image":"","background-repeat":"repeat","background-position":"center center","background-size":"auto","background-attachment":"scroll","background-type":"","background-media":"","overlay-type":"","overlay-color":"","overlay-opacity":"","overlay-gradient":""}},"footnotes":""},"class_list":["post-818","page","type-page","status-publish","hentry"],"acf":[],"_links":{"self":[{"href":"https:\/\/www.ixrace.net\/en\/wp-json\/wp\/v2\/pages\/818","targetHints":{"allow":["GET"]}}],"collection":[{"href":"https:\/\/www.ixrace.net\/en\/wp-json\/wp\/v2\/pages"}],"about":[{"href":"https:\/\/www.ixrace.net\/en\/wp-json\/wp\/v2\/types\/page"}],"author":[{"embeddable":true,"href":"https:\/\/www.ixrace.net\/en\/wp-json\/wp\/v2\/users\/1"}],"replies":[{"embeddable":true,"href":"https:\/\/www.ixrace.net\/en\/wp-json\/wp\/v2\/comments?post=818"}],"version-history":[{"count":97,"href":"https:\/\/www.ixrace.net\/en\/wp-json\/wp\/v2\/pages\/818\/revisions"}],"predecessor-version":[{"id":10420,"href":"https:\/\/www.ixrace.net\/en\/wp-json\/wp\/v2\/pages\/818\/revisions\/10420"}],"wp:attachment":[{"href":"https:\/\/www.ixrace.net\/en\/wp-json\/wp\/v2\/media?parent=818"}],"curies":[{"name":"wp","href":"https:\/\/api.w.org\/{rel}","templated":true}]}}