{"id":13613,"date":"2026-04-14T19:05:28","date_gmt":"2026-04-14T19:05:28","guid":{"rendered":"https:\/\/www.ixrace.net\/product\/kit-collecteur-racing-s-1000-rr-2019-2026-m-1000-rr-2019-2026\/"},"modified":"2026-04-21T14:48:23","modified_gmt":"2026-04-21T14:48:23","slug":"kit-collecteur-racing-s-1000-rr-2019-2026-m-1000-rr-2019-2026","status":"publish","type":"product","link":"https:\/\/www.ixrace.net\/en\/product\/kit-collecteur-racing-s-1000-rr-2019-2026-m-1000-rr-2019-2026\/#TRPLINKPROCESSED","title":{"rendered":"KIT COLLECTEUR RACING S 1000 R (2021-2026) \/ M 1000 R (2021-2026)"},"content":{"rendered":"<ul>\n<li>Collector kit<\/li>\n<li>Decatalyzer made of AISI 304 stainless steel<\/li>\n<li><strong>This part is not homologated and is intended exclusively for competition use.<\/strong><\/li>\n<\/ul>","protected":false},"excerpt":{"rendered":"<p>Kit collecteur D\u00e9catalyseur en acier inoxydable AISI 304 Pi\u00e8ce non homologu\u00e9e et r\u00e9serv\u00e9e exclusivement \u00e0 la comp\u00e9tition<\/p>","protected":false},"featured_media":13620,"comment_status":"open","ping_status":"closed","template":"","meta":{"_acf_changed":false,"site-sidebar-layout":"default","site-content-layout":"","ast-site-content-layout":"default","site-content-style":"default","site-sidebar-style":"default","ast-global-header-display":"","ast-banner-title-visibility":"","ast-main-header-display":"","ast-hfb-above-header-display":"","ast-hfb-below-header-display":"","ast-hfb-mobile-header-display":"","site-post-title":"","ast-breadcrumbs-content":"","ast-featured-img":"","footer-sml-layout":"","ast-disable-related-posts":"","theme-transparent-header-meta":"","adv-header-id-meta":"","stick-header-meta":"","header-above-stick-meta":"","header-main-stick-meta":"","header-below-stick-meta":"","astra-migrate-meta-layouts":"default","ast-page-background-enabled":"default","ast-page-background-meta":{"desktop":{"background-color":"var(--ast-global-color-5)","background-image":"","background-repeat":"repeat","background-position":"center center","background-size":"auto","background-attachment":"scroll","background-type":"","background-media":"","overlay-type":"","overlay-color":"","overlay-opacity":"","overlay-gradient":""},"tablet":{"background-color":"","background-image":"","background-repeat":"repeat","background-position":"center center","background-size":"auto","background-attachment":"scroll","background-type":"","background-media":"","overlay-type":"","overlay-color":"","overlay-opacity":"","overlay-gradient":""},"mobile":{"background-color":"","background-image":"","background-repeat":"repeat","background-position":"center center","background-size":"auto","background-attachment":"scroll","background-type":"","background-media":"","overlay-type":"","overlay-color":"","overlay-opacity":"","overlay-gradient":""}},"ast-content-background-meta":{"desktop":{"background-color":"var(--ast-global-color-4)","background-image":"","background-repeat":"repeat","background-position":"center center","background-size":"auto","background-attachment":"scroll","background-type":"","background-media":"","overlay-type":"","overlay-color":"","overlay-opacity":"","overlay-gradient":""},"tablet":{"background-color":"var(--ast-global-color-4)","background-image":"","background-repeat":"repeat","background-position":"center center","background-size":"auto","background-attachment":"scroll","background-type":"","background-media":"","overlay-type":"","overlay-color":"","overlay-opacity":"","overlay-gradient":""},"mobile":{"background-color":"var(--ast-global-color-4)","background-image":"","background-repeat":"repeat","background-position":"center center","background-size":"auto","background-attachment":"scroll","background-type":"","background-media":"","overlay-type":"","overlay-color":"","overlay-opacity":"","overlay-gradient":""}}},"pwb-brand":[],"product_brand":[180],"product_cat":[146,230],"product_tag":[],"class_list":{"0":"post-13613","1":"product","2":"type-product","3":"status-publish","4":"has-post-thumbnail","6":"product_brand-bmw","7":"product_cat-bmw","8":"product_cat-s-1000-r-m-1000-r","9":"pa_annee-187","10":"pa_annee-188","11":"pa_annee-189","12":"pa_annee-190","13":"pa_annee-191","14":"pa_annee-216","15":"desktop-align-left","16":"tablet-align-left","17":"mobile-align-left","19":"first","20":"instock","21":"taxable","22":"shipping-taxable","23":"purchasable","24":"product-type-simple"},"acf":[],"brands":[],"_links":{"self":[{"href":"https:\/\/www.ixrace.net\/en\/wp-json\/wp\/v2\/product\/13613","targetHints":{"allow":["GET"]}}],"collection":[{"href":"https:\/\/www.ixrace.net\/en\/wp-json\/wp\/v2\/product"}],"about":[{"href":"https:\/\/www.ixrace.net\/en\/wp-json\/wp\/v2\/types\/product"}],"replies":[{"embeddable":true,"href":"https:\/\/www.ixrace.net\/en\/wp-json\/wp\/v2\/comments?post=13613"}],"wp:featuredmedia":[{"embeddable":true,"href":"https:\/\/www.ixrace.net\/en\/wp-json\/wp\/v2\/media\/13620"}],"wp:attachment":[{"href":"https:\/\/www.ixrace.net\/en\/wp-json\/wp\/v2\/media?parent=13613"}],"wp:term":[{"taxonomy":"pwb-brand","embeddable":true,"href":"https:\/\/www.ixrace.net\/en\/wp-json\/wp\/v2\/pwb-brand?post=13613"},{"taxonomy":"product_brand","embeddable":true,"href":"https:\/\/www.ixrace.net\/en\/wp-json\/wp\/v2\/product_brand?post=13613"},{"taxonomy":"product_cat","embeddable":true,"href":"https:\/\/www.ixrace.net\/en\/wp-json\/wp\/v2\/product_cat?post=13613"},{"taxonomy":"product_tag","embeddable":true,"href":"https:\/\/www.ixrace.net\/en\/wp-json\/wp\/v2\/product_tag?post=13613"}],"curies":[{"name":"wp","href":"https:\/\/api.w.org\/{rel}","templated":true}]}}