{"id":13851,"date":"2026-04-17T10:58:38","date_gmt":"2026-04-17T10:58:38","guid":{"rendered":"https:\/\/www.ixrace.net\/product\/echappement-racing-dcx2-carbone-forged-8-s-2023-2026-8-r-2023-2026\/"},"modified":"2026-04-21T14:48:23","modified_gmt":"2026-04-21T14:48:23","slug":"echappement-racing-dcx2-carbone-forged-8-s-2023-2026-8-r-2023-2026","status":"publish","type":"product","link":"https:\/\/www.ixrace.net\/en\/product\/echappement-racing-dcx2-carbone-forged-8-s-2023-2026-8-r-2023-2026\/#TRPLINKPROCESSED","title":{"rendered":"RACING LINE DCX2 CARBON FORGED 8 TT (2025-2026)"},"content":{"rendered":"<ul>\n<li>Manifold fittings in AISI 304 stainless steel with a matte satin finish<\/li>\n<li>TIG welding<\/li>\n<li>2 x forged carbon exhausts with high-temperature epoxy resin<\/li>\n<li>AISI 304 stainless steel exhaust grille, Moto GP style<\/li>\n<li>The IXRACE brand name is embedded directly into the carbon fiber.<\/li>\n<li>The manifold is secured to the exhaust by 2 AISI304 stainless steel springs.<\/li>\n<li>Significant weight saving (weight of a forged carbon exhaust: 700g)<\/li>\n<li>Forged carbon heat shield<\/li>\n<li><strong>Non-homologated exhaust, intended for competition use only.<\/strong><\/li>\n<li>included dB killer<\/li>\n<\/ul>","protected":false},"excerpt":{"rendered":"<p>Raccord collecteurs en acier inoxydable AISI 304 finition satin\u00e9 mat Soudures TIG 2 x \u00e9chappements en carbone forged avec r\u00e9sine [&hellip;]<\/p>\n","protected":false},"featured_media":13866,"comment_status":"open","ping_status":"closed","template":"","meta":{"_acf_changed":false,"site-sidebar-layout":"default","site-content-layout":"","ast-site-content-layout":"default","site-content-style":"default","site-sidebar-style":"default","ast-global-header-display":"","ast-banner-title-visibility":"","ast-main-header-display":"","ast-hfb-above-header-display":"","ast-hfb-below-header-display":"","ast-hfb-mobile-header-display":"","site-post-title":"","ast-breadcrumbs-content":"","ast-featured-img":"","footer-sml-layout":"","ast-disable-related-posts":"","theme-transparent-header-meta":"","adv-header-id-meta":"","stick-header-meta":"","header-above-stick-meta":"","header-main-stick-meta":"","header-below-stick-meta":"","astra-migrate-meta-layouts":"default","ast-page-background-enabled":"default","ast-page-background-meta":{"desktop":{"background-color":"var(--ast-global-color-5)","background-image":"","background-repeat":"repeat","background-position":"center center","background-size":"auto","background-attachment":"scroll","background-type":"","background-media":"","overlay-type":"","overlay-color":"","overlay-opacity":"","overlay-gradient":""},"tablet":{"background-color":"","background-image":"","background-repeat":"repeat","background-position":"center center","background-size":"auto","background-attachment":"scroll","background-type":"","background-media":"","overlay-type":"","overlay-color":"","overlay-opacity":"","overlay-gradient":""},"mobile":{"background-color":"","background-image":"","background-repeat":"repeat","background-position":"center center","background-size":"auto","background-attachment":"scroll","background-type":"","background-media":"","overlay-type":"","overlay-color":"","overlay-opacity":"","overlay-gradient":""}},"ast-content-background-meta":{"desktop":{"background-color":"var(--ast-global-color-4)","background-image":"","background-repeat":"repeat","background-position":"center center","background-size":"auto","background-attachment":"scroll","background-type":"","background-media":"","overlay-type":"","overlay-color":"","overlay-opacity":"","overlay-gradient":""},"tablet":{"background-color":"var(--ast-global-color-4)","background-image":"","background-repeat":"repeat","background-position":"center center","background-size":"auto","background-attachment":"scroll","background-type":"","background-media":"","overlay-type":"","overlay-color":"","overlay-opacity":"","overlay-gradient":""},"mobile":{"background-color":"var(--ast-global-color-4)","background-image":"","background-repeat":"repeat","background-position":"center center","background-size":"auto","background-attachment":"scroll","background-type":"","background-media":"","overlay-type":"","overlay-color":"","overlay-opacity":"","overlay-gradient":""}}},"pwb-brand":[],"product_brand":[177],"product_cat":[234,111],"product_tag":[],"class_list":{"0":"post-13851","1":"product","2":"type-product","3":"status-publish","4":"has-post-thumbnail","6":"product_brand-suzuki","7":"product_cat-8-tt","8":"product_cat-suzuki","9":"pa_annee-191","10":"pa_annee-216","11":"desktop-align-left","12":"tablet-align-left","13":"mobile-align-left","15":"first","16":"instock","17":"taxable","18":"shipping-taxable","19":"purchasable","20":"product-type-simple"},"acf":[],"brands":[],"_links":{"self":[{"href":"https:\/\/www.ixrace.net\/en\/wp-json\/wp\/v2\/product\/13851","targetHints":{"allow":["GET"]}}],"collection":[{"href":"https:\/\/www.ixrace.net\/en\/wp-json\/wp\/v2\/product"}],"about":[{"href":"https:\/\/www.ixrace.net\/en\/wp-json\/wp\/v2\/types\/product"}],"replies":[{"embeddable":true,"href":"https:\/\/www.ixrace.net\/en\/wp-json\/wp\/v2\/comments?post=13851"}],"wp:featuredmedia":[{"embeddable":true,"href":"https:\/\/www.ixrace.net\/en\/wp-json\/wp\/v2\/media\/13866"}],"wp:attachment":[{"href":"https:\/\/www.ixrace.net\/en\/wp-json\/wp\/v2\/media?parent=13851"}],"wp:term":[{"taxonomy":"pwb-brand","embeddable":true,"href":"https:\/\/www.ixrace.net\/en\/wp-json\/wp\/v2\/pwb-brand?post=13851"},{"taxonomy":"product_brand","embeddable":true,"href":"https:\/\/www.ixrace.net\/en\/wp-json\/wp\/v2\/product_brand?post=13851"},{"taxonomy":"product_cat","embeddable":true,"href":"https:\/\/www.ixrace.net\/en\/wp-json\/wp\/v2\/product_cat?post=13851"},{"taxonomy":"product_tag","embeddable":true,"href":"https:\/\/www.ixrace.net\/en\/wp-json\/wp\/v2\/product_tag?post=13851"}],"curies":[{"name":"wp","href":"https:\/\/api.w.org\/{rel}","templated":true}]}}