{"id":2958,"date":"2026-01-26T11:05:52","date_gmt":"2026-01-26T11:05:52","guid":{"rendered":"https:\/\/www.ixrace.net\/product\/echappement-homologue-m8-black-duke-990-2024\/"},"modified":"2026-04-21T14:48:16","modified_gmt":"2026-04-21T14:48:16","slug":"echappement-homologue-m8-black-duke-990-2024","status":"publish","type":"product","link":"https:\/\/www.ixrace.net\/en\/product\/echappement-homologue-m8-black-duke-990-2024\/#TRPLINKPROCESSED","title":{"rendered":"ECHAPPEMENT HOMOLOGU\u00c9 M8 BLACK DUKE 990 (2024-2026)"},"content":{"rendered":"<ul>\n<li>Echappement conique hexagonal<\/li>\n<li>Echappement totalement fabriqu\u00e9 en acier inoxydable SUS 304<\/li>\n<li>Laquage de peinture de couleur noire satin\u00e9e<\/li>\n<li>Sortie d\u2019\u00e9chappement en v\u00e9ritable carbone forged double sorties de gaz (diam. 50mm et diam. 35mm)<\/li>\n<li>Gravage de la marque IXRACE avec la technologie laser<\/li>\n<li>Rivets et cerclages de finition en acier inoxydable<\/li>\n<li>Circuit de gaz int\u00e9rieur par double canaux facilitant \u00e0 la fois le rendement de la moto et sa r\u00e9duction de bruit\u00a0<em>(en accord avec l\u2019homologation EURO 5+)<\/em><\/li>\n<li>Montage sur collecteur d\u2019origine<\/li>\n<li>Montage rapide gr\u00e2ce \u00e0 l\u2019ensemble des pi\u00e8ces soud\u00e9es au TIG sur l\u2019\u00e9chappement<\/li>\n<li>Gain de poids important \/ \u00e9chappement d\u2019origine<\/li>\n<li><strong>Exhaust system approved to EURO 5+ standards<\/strong><\/li>\n<li>Echappement b\u00e9n\u00e9ficiant d\u2019une tr\u00e8s belle qualit\u00e9 de finition<\/li>\n<\/ul>","protected":false},"excerpt":{"rendered":"<p>Echappement conique hexagonal Echappement totalement fabriqu\u00e9 en acier inoxydable SUS 304 Laquage de peinture de couleur noire satin\u00e9e Sortie d\u2019\u00e9chappement [&hellip;]<\/p>\n","protected":false},"featured_media":13402,"comment_status":"open","ping_status":"closed","template":"","meta":{"_acf_changed":false,"site-sidebar-layout":"default","site-content-layout":"","ast-site-content-layout":"default","site-content-style":"default","site-sidebar-style":"default","ast-global-header-display":"","ast-banner-title-visibility":"","ast-main-header-display":"","ast-hfb-above-header-display":"","ast-hfb-below-header-display":"","ast-hfb-mobile-header-display":"","site-post-title":"","ast-breadcrumbs-content":"","ast-featured-img":"","footer-sml-layout":"","ast-disable-related-posts":"","theme-transparent-header-meta":"","adv-header-id-meta":"","stick-header-meta":"","header-above-stick-meta":"","header-main-stick-meta":"","header-below-stick-meta":"","astra-migrate-meta-layouts":"default","ast-page-background-enabled":"default","ast-page-background-meta":{"desktop":{"background-color":"var(--ast-global-color-5)","background-image":"","background-repeat":"repeat","background-position":"center center","background-size":"auto","background-attachment":"scroll","background-type":"","background-media":"","overlay-type":"","overlay-color":"","overlay-opacity":"","overlay-gradient":""},"tablet":{"background-color":"","background-image":"","background-repeat":"repeat","background-position":"center center","background-size":"auto","background-attachment":"scroll","background-type":"","background-media":"","overlay-type":"","overlay-color":"","overlay-opacity":"","overlay-gradient":""},"mobile":{"background-color":"","background-image":"","background-repeat":"repeat","background-position":"center center","background-size":"auto","background-attachment":"scroll","background-type":"","background-media":"","overlay-type":"","overlay-color":"","overlay-opacity":"","overlay-gradient":""}},"ast-content-background-meta":{"desktop":{"background-color":"var(--ast-global-color-4)","background-image":"","background-repeat":"repeat","background-position":"center center","background-size":"auto","background-attachment":"scroll","background-type":"","background-media":"","overlay-type":"","overlay-color":"","overlay-opacity":"","overlay-gradient":""},"tablet":{"background-color":"var(--ast-global-color-4)","background-image":"","background-repeat":"repeat","background-position":"center center","background-size":"auto","background-attachment":"scroll","background-type":"","background-media":"","overlay-type":"","overlay-color":"","overlay-opacity":"","overlay-gradient":""},"mobile":{"background-color":"var(--ast-global-color-4)","background-image":"","background-repeat":"repeat","background-position":"center center","background-size":"auto","background-attachment":"scroll","background-type":"","background-media":"","overlay-type":"","overlay-color":"","overlay-opacity":"","overlay-gradient":""}}},"pwb-brand":[],"product_brand":[179],"product_cat":[269,129],"product_tag":[],"class_list":{"0":"post-2958","1":"product","2":"type-product","3":"status-publish","4":"has-post-thumbnail","6":"product_brand-ktm","7":"product_cat-990-duke-2024-2026","8":"product_cat-ktm","9":"pa_annee-190","10":"pa_annee-191","11":"pa_annee-216","12":"desktop-align-left","13":"tablet-align-left","14":"mobile-align-left","16":"first","17":"instock","18":"taxable","19":"shipping-taxable","20":"purchasable","21":"product-type-simple"},"acf":[],"brands":[],"_links":{"self":[{"href":"https:\/\/www.ixrace.net\/en\/wp-json\/wp\/v2\/product\/2958","targetHints":{"allow":["GET"]}}],"collection":[{"href":"https:\/\/www.ixrace.net\/en\/wp-json\/wp\/v2\/product"}],"about":[{"href":"https:\/\/www.ixrace.net\/en\/wp-json\/wp\/v2\/types\/product"}],"replies":[{"embeddable":true,"href":"https:\/\/www.ixrace.net\/en\/wp-json\/wp\/v2\/comments?post=2958"}],"wp:featuredmedia":[{"embeddable":true,"href":"https:\/\/www.ixrace.net\/en\/wp-json\/wp\/v2\/media\/13402"}],"wp:attachment":[{"href":"https:\/\/www.ixrace.net\/en\/wp-json\/wp\/v2\/media?parent=2958"}],"wp:term":[{"taxonomy":"pwb-brand","embeddable":true,"href":"https:\/\/www.ixrace.net\/en\/wp-json\/wp\/v2\/pwb-brand?post=2958"},{"taxonomy":"product_brand","embeddable":true,"href":"https:\/\/www.ixrace.net\/en\/wp-json\/wp\/v2\/product_brand?post=2958"},{"taxonomy":"product_cat","embeddable":true,"href":"https:\/\/www.ixrace.net\/en\/wp-json\/wp\/v2\/product_cat?post=2958"},{"taxonomy":"product_tag","embeddable":true,"href":"https:\/\/www.ixrace.net\/en\/wp-json\/wp\/v2\/product_tag?post=2958"}],"curies":[{"name":"wp","href":"https:\/\/api.w.org\/{rel}","templated":true}]}}