{"id":2976,"date":"2026-01-26T11:07:55","date_gmt":"2026-01-26T11:07:55","guid":{"rendered":"https:\/\/www.ixrace.net\/product\/echappement-homologue-mk2-carbone-forged-cb-1000-r-2018-2024\/"},"modified":"2026-04-21T14:48:16","modified_gmt":"2026-04-21T14:48:16","slug":"echappement-homologue-mk2-carbone-forged-cb-1000-r-2018-2024","status":"publish","type":"product","link":"https:\/\/www.ixrace.net\/en\/product\/echappement-homologue-mk2-carbone-forged-cb-1000-r-2018-2024\/#TRPLINKPROCESSED","title":{"rendered":"ECHAPPEMENT HOMOLOGU\u00c9 MK2 CARBONE FORGED CB 1000 R (2018-2024)"},"content":{"rendered":"<ul>\n<li>Manifold fittings in AISI 304 stainless steel with a matte satin finish<\/li>\n<li>Soudures haute qualit\u00e9 TIG<\/li>\n<li>Echappement en carbone forged avec r\u00e9sine \u00e9poxy haute temp\u00e9rature<\/li>\n<li>Structure de l&rsquo;\u00e9chappement en acier inoxydable AISI 304<\/li>\n<li>Grille d&rsquo;\u00e9chappement en acier inoxydable style Moto GP<\/li>\n<li>Incrustation de la marque IXRACE directement dans la r\u00e9sine pour \u00e9viter tous d\u00e9chirements<\/li>\n<li>The manifold is secured to the exhaust by 2 AISI304 stainless steel springs.<\/li>\n<li>Gain de poids important<\/li>\n<li>Look \u00ab\u00a0Titane\u00a0\u00bb par brossage sp\u00e9cifique de l&rsquo;acier inoxydable<\/li>\n<li><strong>Approved exhaust\u00a0<\/strong><\/li>\n<\/ul>","protected":false},"excerpt":{"rendered":"<p>Raccord collecteurs en acier inoxydable AISI 304 finition satin\u00e9 mat Soudures haute qualit\u00e9 TIG Echappement en carbone forged avec r\u00e9sine [&hellip;]<\/p>\n","protected":false},"featured_media":12965,"comment_status":"open","ping_status":"closed","template":"","meta":{"_acf_changed":false,"site-sidebar-layout":"default","site-content-layout":"","ast-site-content-layout":"default","site-content-style":"default","site-sidebar-style":"default","ast-global-header-display":"","ast-banner-title-visibility":"","ast-main-header-display":"","ast-hfb-above-header-display":"","ast-hfb-below-header-display":"","ast-hfb-mobile-header-display":"","site-post-title":"","ast-breadcrumbs-content":"","ast-featured-img":"","footer-sml-layout":"","ast-disable-related-posts":"","theme-transparent-header-meta":"","adv-header-id-meta":"","stick-header-meta":"","header-above-stick-meta":"","header-main-stick-meta":"","header-below-stick-meta":"","astra-migrate-meta-layouts":"default","ast-page-background-enabled":"default","ast-page-background-meta":{"desktop":{"background-color":"var(--ast-global-color-5)","background-image":"","background-repeat":"repeat","background-position":"center center","background-size":"auto","background-attachment":"scroll","background-type":"","background-media":"","overlay-type":"","overlay-color":"","overlay-opacity":"","overlay-gradient":""},"tablet":{"background-color":"","background-image":"","background-repeat":"repeat","background-position":"center center","background-size":"auto","background-attachment":"scroll","background-type":"","background-media":"","overlay-type":"","overlay-color":"","overlay-opacity":"","overlay-gradient":""},"mobile":{"background-color":"","background-image":"","background-repeat":"repeat","background-position":"center center","background-size":"auto","background-attachment":"scroll","background-type":"","background-media":"","overlay-type":"","overlay-color":"","overlay-opacity":"","overlay-gradient":""}},"ast-content-background-meta":{"desktop":{"background-color":"var(--ast-global-color-4)","background-image":"","background-repeat":"repeat","background-position":"center center","background-size":"auto","background-attachment":"scroll","background-type":"","background-media":"","overlay-type":"","overlay-color":"","overlay-opacity":"","overlay-gradient":""},"tablet":{"background-color":"var(--ast-global-color-4)","background-image":"","background-repeat":"repeat","background-position":"center center","background-size":"auto","background-attachment":"scroll","background-type":"","background-media":"","overlay-type":"","overlay-color":"","overlay-opacity":"","overlay-gradient":""},"mobile":{"background-color":"var(--ast-global-color-4)","background-image":"","background-repeat":"repeat","background-position":"center center","background-size":"auto","background-attachment":"scroll","background-type":"","background-media":"","overlay-type":"","overlay-color":"","overlay-opacity":"","overlay-gradient":""}}},"pwb-brand":[],"product_brand":[30],"product_cat":[51,34],"product_tag":[],"class_list":{"0":"post-2976","1":"product","2":"type-product","3":"status-publish","4":"has-post-thumbnail","6":"product_brand-honda","7":"product_cat-cb_1000_r","8":"product_cat-honda","9":"pa_annee-193","10":"pa_annee-194","11":"pa_annee-186","12":"pa_annee-187","13":"pa_annee-188","14":"pa_annee-189","15":"pa_annee-190","16":"desktop-align-left","17":"tablet-align-left","18":"mobile-align-left","20":"first","21":"instock","22":"taxable","23":"shipping-taxable","24":"purchasable","25":"product-type-simple"},"acf":[],"brands":[],"_links":{"self":[{"href":"https:\/\/www.ixrace.net\/en\/wp-json\/wp\/v2\/product\/2976","targetHints":{"allow":["GET"]}}],"collection":[{"href":"https:\/\/www.ixrace.net\/en\/wp-json\/wp\/v2\/product"}],"about":[{"href":"https:\/\/www.ixrace.net\/en\/wp-json\/wp\/v2\/types\/product"}],"replies":[{"embeddable":true,"href":"https:\/\/www.ixrace.net\/en\/wp-json\/wp\/v2\/comments?post=2976"}],"wp:featuredmedia":[{"embeddable":true,"href":"https:\/\/www.ixrace.net\/en\/wp-json\/wp\/v2\/media\/12965"}],"wp:attachment":[{"href":"https:\/\/www.ixrace.net\/en\/wp-json\/wp\/v2\/media?parent=2976"}],"wp:term":[{"taxonomy":"pwb-brand","embeddable":true,"href":"https:\/\/www.ixrace.net\/en\/wp-json\/wp\/v2\/pwb-brand?post=2976"},{"taxonomy":"product_brand","embeddable":true,"href":"https:\/\/www.ixrace.net\/en\/wp-json\/wp\/v2\/product_brand?post=2976"},{"taxonomy":"product_cat","embeddable":true,"href":"https:\/\/www.ixrace.net\/en\/wp-json\/wp\/v2\/product_cat?post=2976"},{"taxonomy":"product_tag","embeddable":true,"href":"https:\/\/www.ixrace.net\/en\/wp-json\/wp\/v2\/product_tag?post=2976"}],"curies":[{"name":"wp","href":"https:\/\/api.w.org\/{rel}","templated":true}]}}