{"id":3135,"date":"2026-01-26T11:24:45","date_gmt":"2026-01-26T11:24:45","guid":{"rendered":"https:\/\/www.ixrace.net\/product\/ligne-complete-s3-black-x-max-125-n-max-125-2021-2024\/"},"modified":"2026-04-21T14:48:19","modified_gmt":"2026-04-21T14:48:19","slug":"ligne-complete-s3-black-x-max-125-n-max-125-2021-2024","status":"publish","type":"product","link":"https:\/\/www.ixrace.net\/en\/product\/ligne-complete-s3-black-x-max-125-n-max-125-2021-2024\/#TRPLINKPROCESSED","title":{"rendered":"LIGNE HOMOLOGU\u00c9E S3 BLACK X MAX 125 (2021-2024) \/ N MAX 125 (2021-2024)"},"content":{"rendered":"<ul>\n<li>Ligne compl\u00e8te d&rsquo;\u00e9chappement<\/li>\n<li>Raccord collecteurs et collecteur en acier inoxydable AISI 304<\/li>\n<li>Finition satin\u00e9 mat et soudures TIG<\/li>\n<li>Echappement en acier inoxydable AISI304 satin\u00e9 noir mat<\/li>\n<li>Embout d&rsquo;\u00e9chappement en carbone<\/li>\n<li>Gravage avec technologie laser de la marque IXRACE<\/li>\n<li>Rivets en acier inoxydable<\/li>\n<li>Fixation du collecteur avec l&rsquo;\u00e9chappement par 2 ressorts en acier inoxydable AISI304<\/li>\n<li>Kit platine de fixation inclus<\/li>\n<li><strong><strong>Vendu avec son catalyseur EURO5 (inclus dans la livraison)<\/strong><\/strong>\n<div style=\"width: 848px\" class=\"wp-video\"><!--[if lt IE 9]&gt;document.createElement('video');&lt;![endif]--><br \/>\n<video class=\"wp-video-shortcode\" id=\"video-0-1\" width=\"848\" height=\"480\" preload=\"metadata\" controls=\"controls\"><a href=\"https:\/\/www.ixrace.net\/wp-content\/uploads\/2023\/04\/VideoOZS2349.mp4\">https:\/\/www.ixrace.net\/wp-content\/uploads\/2023\/04\/VideoOZS2349.mp4<\/a><\/video><\/div>\n<\/li>\n<\/ul>\n","protected":false},"excerpt":{"rendered":"<p>Ligne compl\u00e8te d&rsquo;\u00e9chappement Raccord collecteurs et collecteur en acier inoxydable AISI 304 Finition satin\u00e9 mat et soudures TIG Echappement en [&hellip;]<\/p>\n","protected":false},"featured_media":11473,"comment_status":"open","ping_status":"closed","template":"","meta":{"_acf_changed":false,"site-sidebar-layout":"default","site-content-layout":"","ast-site-content-layout":"default","site-content-style":"default","site-sidebar-style":"default","ast-global-header-display":"","ast-banner-title-visibility":"","ast-main-header-display":"","ast-hfb-above-header-display":"","ast-hfb-below-header-display":"","ast-hfb-mobile-header-display":"","site-post-title":"","ast-breadcrumbs-content":"","ast-featured-img":"","footer-sml-layout":"","ast-disable-related-posts":"","theme-transparent-header-meta":"","adv-header-id-meta":"","stick-header-meta":"","header-above-stick-meta":"","header-main-stick-meta":"","header-below-stick-meta":"","astra-migrate-meta-layouts":"default","ast-page-background-enabled":"default","ast-page-background-meta":{"desktop":{"background-color":"var(--ast-global-color-5)","background-image":"","background-repeat":"repeat","background-position":"center center","background-size":"auto","background-attachment":"scroll","background-type":"","background-media":"","overlay-type":"","overlay-color":"","overlay-opacity":"","overlay-gradient":""},"tablet":{"background-color":"","background-image":"","background-repeat":"repeat","background-position":"center center","background-size":"auto","background-attachment":"scroll","background-type":"","background-media":"","overlay-type":"","overlay-color":"","overlay-opacity":"","overlay-gradient":""},"mobile":{"background-color":"","background-image":"","background-repeat":"repeat","background-position":"center center","background-size":"auto","background-attachment":"scroll","background-type":"","background-media":"","overlay-type":"","overlay-color":"","overlay-opacity":"","overlay-gradient":""}},"ast-content-background-meta":{"desktop":{"background-color":"var(--ast-global-color-4)","background-image":"","background-repeat":"repeat","background-position":"center center","background-size":"auto","background-attachment":"scroll","background-type":"","background-media":"","overlay-type":"","overlay-color":"","overlay-opacity":"","overlay-gradient":""},"tablet":{"background-color":"var(--ast-global-color-4)","background-image":"","background-repeat":"repeat","background-position":"center center","background-size":"auto","background-attachment":"scroll","background-type":"","background-media":"","overlay-type":"","overlay-color":"","overlay-opacity":"","overlay-gradient":""},"mobile":{"background-color":"var(--ast-global-color-4)","background-image":"","background-repeat":"repeat","background-position":"center center","background-size":"auto","background-attachment":"scroll","background-type":"","background-media":"","overlay-type":"","overlay-color":"","overlay-opacity":"","overlay-gradient":""}}},"pwb-brand":[],"product_brand":[29],"product_cat":[217,87],"product_tag":[],"class_list":{"0":"post-3135","1":"product","2":"type-product","3":"status-publish","4":"has-post-thumbnail","6":"product_brand-yamaha","7":"product_cat-x-max-n-max","8":"product_cat-yamaha","9":"pa_annee-187","10":"pa_annee-188","11":"pa_annee-189","12":"pa_annee-190","13":"desktop-align-left","14":"tablet-align-left","15":"mobile-align-left","17":"first","18":"instock","19":"taxable","20":"shipping-taxable","21":"purchasable","22":"product-type-simple"},"acf":[],"brands":[],"_links":{"self":[{"href":"https:\/\/www.ixrace.net\/en\/wp-json\/wp\/v2\/product\/3135","targetHints":{"allow":["GET"]}}],"collection":[{"href":"https:\/\/www.ixrace.net\/en\/wp-json\/wp\/v2\/product"}],"about":[{"href":"https:\/\/www.ixrace.net\/en\/wp-json\/wp\/v2\/types\/product"}],"replies":[{"embeddable":true,"href":"https:\/\/www.ixrace.net\/en\/wp-json\/wp\/v2\/comments?post=3135"}],"wp:featuredmedia":[{"embeddable":true,"href":"https:\/\/www.ixrace.net\/en\/wp-json\/wp\/v2\/media\/11473"}],"wp:attachment":[{"href":"https:\/\/www.ixrace.net\/en\/wp-json\/wp\/v2\/media?parent=3135"}],"wp:term":[{"taxonomy":"pwb-brand","embeddable":true,"href":"https:\/\/www.ixrace.net\/en\/wp-json\/wp\/v2\/pwb-brand?post=3135"},{"taxonomy":"product_brand","embeddable":true,"href":"https:\/\/www.ixrace.net\/en\/wp-json\/wp\/v2\/product_brand?post=3135"},{"taxonomy":"product_cat","embeddable":true,"href":"https:\/\/www.ixrace.net\/en\/wp-json\/wp\/v2\/product_cat?post=3135"},{"taxonomy":"product_tag","embeddable":true,"href":"https:\/\/www.ixrace.net\/en\/wp-json\/wp\/v2\/product_tag?post=3135"}],"curies":[{"name":"wp","href":"https:\/\/api.w.org\/{rel}","templated":true}]}}