{"id":3190,"date":"2026-01-26T11:30:52","date_gmt":"2026-01-26T11:30:52","guid":{"rendered":"https:\/\/www.ixrace.net\/product\/echappement-homologue-mk2-carbone-forged-z900-a2-2017-2024\/"},"modified":"2026-04-21T14:48:21","modified_gmt":"2026-04-21T14:48:21","slug":"echappement-homologue-mk2-carbone-forged-z900-a2-2017-2024","status":"publish","type":"product","link":"https:\/\/www.ixrace.net\/en\/product\/echappement-homologue-mk2-carbone-forged-z900-a2-2017-2024\/#TRPLINKPROCESSED","title":{"rendered":"ECHAPPEMENT HOMOLOGU\u00c9 MK2 CARBONE FORGED Z 900 A2 (2017-2024)"},"content":{"rendered":"<ul>\n<li>Manifold fittings in AISI 304 stainless steel with a matte satin finish<\/li>\n<li>TIG welding<\/li>\n<li>Echappement en carbone forged avec r\u00e9sine \u00e9poxy haute temp\u00e9rature<\/li>\n<li>Grille d\u2019\u00e9chappement en acier inoxydable style Moto GP<\/li>\n<li>The IXRACE brand name is embedded directly into the carbon fiber.<\/li>\n<li>The manifold is secured to the exhaust by 2 AISI304 stainless steel springs.<\/li>\n<li>Gain de poids important (poids de l\u2019\u00e9chappement 700 gr.)<\/li>\n<li><strong>IMPORTANT : Livr\u00e9 avec protection en acier noir du catalyseur d&rsquo;origine<\/strong><\/li>\n<li>Rivets inox<\/li>\n<li><strong>Approved exhaust<\/strong><\/li>\n<\/ul>","protected":false},"excerpt":{"rendered":"<p>Raccord collecteurs en acier inoxydable AISI 304 finition satin\u00e9 mat Soudures TIG Echappement en carbone forged avec r\u00e9sine \u00e9poxy haute [&hellip;]<\/p>\n","protected":false},"featured_media":12268,"comment_status":"open","ping_status":"closed","template":"","meta":{"_acf_changed":false,"site-sidebar-layout":"default","site-content-layout":"","ast-site-content-layout":"default","site-content-style":"default","site-sidebar-style":"default","ast-global-header-display":"","ast-banner-title-visibility":"","ast-main-header-display":"","ast-hfb-above-header-display":"","ast-hfb-below-header-display":"","ast-hfb-mobile-header-display":"","site-post-title":"","ast-breadcrumbs-content":"","ast-featured-img":"","footer-sml-layout":"","ast-disable-related-posts":"","theme-transparent-header-meta":"","adv-header-id-meta":"","stick-header-meta":"","header-above-stick-meta":"","header-main-stick-meta":"","header-below-stick-meta":"","astra-migrate-meta-layouts":"default","ast-page-background-enabled":"default","ast-page-background-meta":{"desktop":{"background-color":"var(--ast-global-color-5)","background-image":"","background-repeat":"repeat","background-position":"center center","background-size":"auto","background-attachment":"scroll","background-type":"","background-media":"","overlay-type":"","overlay-color":"","overlay-opacity":"","overlay-gradient":""},"tablet":{"background-color":"","background-image":"","background-repeat":"repeat","background-position":"center center","background-size":"auto","background-attachment":"scroll","background-type":"","background-media":"","overlay-type":"","overlay-color":"","overlay-opacity":"","overlay-gradient":""},"mobile":{"background-color":"","background-image":"","background-repeat":"repeat","background-position":"center center","background-size":"auto","background-attachment":"scroll","background-type":"","background-media":"","overlay-type":"","overlay-color":"","overlay-opacity":"","overlay-gradient":""}},"ast-content-background-meta":{"desktop":{"background-color":"var(--ast-global-color-4)","background-image":"","background-repeat":"repeat","background-position":"center center","background-size":"auto","background-attachment":"scroll","background-type":"","background-media":"","overlay-type":"","overlay-color":"","overlay-opacity":"","overlay-gradient":""},"tablet":{"background-color":"var(--ast-global-color-4)","background-image":"","background-repeat":"repeat","background-position":"center center","background-size":"auto","background-attachment":"scroll","background-type":"","background-media":"","overlay-type":"","overlay-color":"","overlay-opacity":"","overlay-gradient":""},"mobile":{"background-color":"var(--ast-global-color-4)","background-image":"","background-repeat":"repeat","background-position":"center center","background-size":"auto","background-attachment":"scroll","background-type":"","background-media":"","overlay-type":"","overlay-color":"","overlay-opacity":"","overlay-gradient":""}}},"pwb-brand":[],"product_brand":[176],"product_cat":[62,72],"product_tag":[],"class_list":{"0":"post-3190","1":"product","2":"type-product","3":"status-publish","4":"has-post-thumbnail","6":"product_brand-kawasaki","7":"product_cat-kawasaki","8":"product_cat-z_900_a2","9":"pa_annee-192","10":"pa_annee-193","11":"pa_annee-194","12":"pa_annee-186","13":"pa_annee-187","14":"pa_annee-188","15":"pa_annee-189","16":"pa_annee-190","17":"desktop-align-left","18":"tablet-align-left","19":"mobile-align-left","21":"first","22":"instock","23":"taxable","24":"shipping-taxable","25":"purchasable","26":"product-type-simple"},"acf":[],"brands":[],"_links":{"self":[{"href":"https:\/\/www.ixrace.net\/en\/wp-json\/wp\/v2\/product\/3190","targetHints":{"allow":["GET"]}}],"collection":[{"href":"https:\/\/www.ixrace.net\/en\/wp-json\/wp\/v2\/product"}],"about":[{"href":"https:\/\/www.ixrace.net\/en\/wp-json\/wp\/v2\/types\/product"}],"replies":[{"embeddable":true,"href":"https:\/\/www.ixrace.net\/en\/wp-json\/wp\/v2\/comments?post=3190"}],"wp:featuredmedia":[{"embeddable":true,"href":"https:\/\/www.ixrace.net\/en\/wp-json\/wp\/v2\/media\/12268"}],"wp:attachment":[{"href":"https:\/\/www.ixrace.net\/en\/wp-json\/wp\/v2\/media?parent=3190"}],"wp:term":[{"taxonomy":"pwb-brand","embeddable":true,"href":"https:\/\/www.ixrace.net\/en\/wp-json\/wp\/v2\/pwb-brand?post=3190"},{"taxonomy":"product_brand","embeddable":true,"href":"https:\/\/www.ixrace.net\/en\/wp-json\/wp\/v2\/product_brand?post=3190"},{"taxonomy":"product_cat","embeddable":true,"href":"https:\/\/www.ixrace.net\/en\/wp-json\/wp\/v2\/product_cat?post=3190"},{"taxonomy":"product_tag","embeddable":true,"href":"https:\/\/www.ixrace.net\/en\/wp-json\/wp\/v2\/product_tag?post=3190"}],"curies":[{"name":"wp","href":"https:\/\/api.w.org\/{rel}","templated":true}]}}