{"id":3195,"date":"2026-01-26T11:31:25","date_gmt":"2026-01-26T11:31:25","guid":{"rendered":"https:\/\/www.ixrace.net\/product\/ligne-complete-homologuee-mk2-inox-z-650-ninja-650-2021-2022\/"},"modified":"2026-04-21T14:48:21","modified_gmt":"2026-04-21T14:48:21","slug":"ligne-complete-homologuee-mk2-inox-z-650-ninja-650-2021-2022","status":"publish","type":"product","link":"https:\/\/www.ixrace.net\/en\/product\/ligne-complete-homologuee-mk2-inox-z-650-ninja-650-2021-2022\/#TRPLINKPROCESSED","title":{"rendered":"LIGNE HOMOLOGU\u00c9E MK2 INOX Z 650 (2021-202) \/ NINJA 650 (2021-2022)"},"content":{"rendered":"<ul>\n<li>Ligne compl\u00e8te d&rsquo;\u00e9chappement en acier inoxydable AISI 304 finition satin\u00e9 mat<\/li>\n<li>Soudures haute r\u00e9sistance TIG<\/li>\n<li>AISI304 stainless steel exhaust<\/li>\n<li>Moto GP style stainless steel exhaust tip with AFS (Anti-flame System)<\/li>\n<li>Laser engraving by IXRACE<\/li>\n<li>Stainless steel rivets<\/li>\n<li>The manifold is secured to the exhaust by 2 AISI304 stainless steel springs.<\/li>\n<li>Protection anti chaleur en carbone sur le catalyseur<\/li>\n<li>Poids d&rsquo;un \u00e9chappement seul MK2 : 900 gr.<\/li>\n<li><strong>Ligne catalys\u00e9e et homologu\u00e9e EURO 5<\/strong><\/li>\n<li>included dB killer<\/li>\n<\/ul>\n<div style=\"width: 960px\" class=\"wp-video\"><video class=\"wp-video-shortcode\" id=\"video-0-7\" width=\"960\" height=\"540\" preload=\"metadata\" controls=\"controls\"><a href=\"https:\/\/www.ixrace.net\/wp-content\/uploads\/2023\/04\/Z-650-IXRACE.mp4\">https:\/\/www.ixrace.net\/wp-content\/uploads\/2023\/04\/Z-650-IXRACE.mp4<\/a><\/video><\/div>","protected":false},"excerpt":{"rendered":"<p>Ligne compl\u00e8te d&rsquo;\u00e9chappement en acier inoxydable AISI 304 finition satin\u00e9 mat Soudures haute r\u00e9sistance TIG Echappement en acier inoxydable AISI304 [&hellip;]<\/p>\n","protected":false},"featured_media":14211,"comment_status":"open","ping_status":"closed","template":"","meta":{"_acf_changed":false,"site-sidebar-layout":"default","site-content-layout":"","ast-site-content-layout":"default","site-content-style":"default","site-sidebar-style":"default","ast-global-header-display":"","ast-banner-title-visibility":"","ast-main-header-display":"","ast-hfb-above-header-display":"","ast-hfb-below-header-display":"","ast-hfb-mobile-header-display":"","site-post-title":"","ast-breadcrumbs-content":"","ast-featured-img":"","footer-sml-layout":"","ast-disable-related-posts":"","theme-transparent-header-meta":"","adv-header-id-meta":"","stick-header-meta":"","header-above-stick-meta":"","header-main-stick-meta":"","header-below-stick-meta":"","astra-migrate-meta-layouts":"default","ast-page-background-enabled":"default","ast-page-background-meta":{"desktop":{"background-color":"var(--ast-global-color-5)","background-image":"","background-repeat":"repeat","background-position":"center center","background-size":"auto","background-attachment":"scroll","background-type":"","background-media":"","overlay-type":"","overlay-color":"","overlay-opacity":"","overlay-gradient":""},"tablet":{"background-color":"","background-image":"","background-repeat":"repeat","background-position":"center center","background-size":"auto","background-attachment":"scroll","background-type":"","background-media":"","overlay-type":"","overlay-color":"","overlay-opacity":"","overlay-gradient":""},"mobile":{"background-color":"","background-image":"","background-repeat":"repeat","background-position":"center center","background-size":"auto","background-attachment":"scroll","background-type":"","background-media":"","overlay-type":"","overlay-color":"","overlay-opacity":"","overlay-gradient":""}},"ast-content-background-meta":{"desktop":{"background-color":"var(--ast-global-color-4)","background-image":"","background-repeat":"repeat","background-position":"center center","background-size":"auto","background-attachment":"scroll","background-type":"","background-media":"","overlay-type":"","overlay-color":"","overlay-opacity":"","overlay-gradient":""},"tablet":{"background-color":"var(--ast-global-color-4)","background-image":"","background-repeat":"repeat","background-position":"center center","background-size":"auto","background-attachment":"scroll","background-type":"","background-media":"","overlay-type":"","overlay-color":"","overlay-opacity":"","overlay-gradient":""},"mobile":{"background-color":"var(--ast-global-color-4)","background-image":"","background-repeat":"repeat","background-position":"center center","background-size":"auto","background-attachment":"scroll","background-type":"","background-media":"","overlay-type":"","overlay-color":"","overlay-opacity":"","overlay-gradient":""}}},"pwb-brand":[],"product_brand":[176],"product_cat":[62,286],"product_tag":[],"class_list":{"0":"post-3195","1":"product","2":"type-product","3":"status-publish","4":"has-post-thumbnail","6":"product_brand-kawasaki","7":"product_cat-kawasaki","8":"product_cat-z-650-2021-2022","9":"pa_annee-187","10":"pa_annee-188","11":"desktop-align-left","12":"tablet-align-left","13":"mobile-align-left","15":"first","16":"instock","17":"taxable","18":"shipping-taxable","19":"purchasable","20":"product-type-simple"},"acf":[],"brands":[],"_links":{"self":[{"href":"https:\/\/www.ixrace.net\/en\/wp-json\/wp\/v2\/product\/3195","targetHints":{"allow":["GET"]}}],"collection":[{"href":"https:\/\/www.ixrace.net\/en\/wp-json\/wp\/v2\/product"}],"about":[{"href":"https:\/\/www.ixrace.net\/en\/wp-json\/wp\/v2\/types\/product"}],"replies":[{"embeddable":true,"href":"https:\/\/www.ixrace.net\/en\/wp-json\/wp\/v2\/comments?post=3195"}],"wp:featuredmedia":[{"embeddable":true,"href":"https:\/\/www.ixrace.net\/en\/wp-json\/wp\/v2\/media\/14211"}],"wp:attachment":[{"href":"https:\/\/www.ixrace.net\/en\/wp-json\/wp\/v2\/media?parent=3195"}],"wp:term":[{"taxonomy":"pwb-brand","embeddable":true,"href":"https:\/\/www.ixrace.net\/en\/wp-json\/wp\/v2\/pwb-brand?post=3195"},{"taxonomy":"product_brand","embeddable":true,"href":"https:\/\/www.ixrace.net\/en\/wp-json\/wp\/v2\/product_brand?post=3195"},{"taxonomy":"product_cat","embeddable":true,"href":"https:\/\/www.ixrace.net\/en\/wp-json\/wp\/v2\/product_cat?post=3195"},{"taxonomy":"product_tag","embeddable":true,"href":"https:\/\/www.ixrace.net\/en\/wp-json\/wp\/v2\/product_tag?post=3195"}],"curies":[{"name":"wp","href":"https:\/\/api.w.org\/{rel}","templated":true}]}}