{"id":3210,"date":"2026-01-26T11:33:08","date_gmt":"2026-01-26T11:33:08","guid":{"rendered":"https:\/\/www.ixrace.net\/product\/double-echappements-mk2-black-cmx-1100-2021-2024\/"},"modified":"2026-04-21T14:48:21","modified_gmt":"2026-04-21T14:48:21","slug":"double-echappements-mk2-black-cmx-1100-2021-2024","status":"publish","type":"product","link":"https:\/\/www.ixrace.net\/en\/product\/double-echappements-mk2-black-cmx-1100-2021-2024\/#TRPLINKPROCESSED","title":{"rendered":"ECHAPPEMENT RACING MK2 BLACK CMX 1100 (2021-2024)"},"content":{"rendered":"<ul>\n<li>Transformez votre exp\u00e9rience de conduite avec ce <strong>DOUBLE<\/strong> <strong>ECHAPPEMENTS MK2 BLACK CMX 1100 (2021-2024)<\/strong>, con\u00e7us pour offrir une valeur ajout\u00e9e et un style in\u00e9gal\u00e9s. Fabriqu\u00e9 en acier inoxydable AISI 304 avec une finition satin\u00e9e noire mat, ce double \u00e9chappements allie une robustesse et une esth\u00e9tique moderne.<\/li>\n<li>Dot\u00e9s de soudures <strong>TIG de haute qualit\u00e9<\/strong> et d\u2019une sortie de gaz AFS (Anti flame System). Le gravage au laser de la marque IXRACE ajoute une touche d&rsquo;\u00e9l\u00e9gance et de sophistication. De plus, le <strong>laquage noir mat c\u00e9ramique haute temp\u00e9rature<\/strong> assure une durabilit\u00e9 exceptionnelle m\u00eame sous les conditions les plus extr\u00eames.<\/li>\n<li>B\u00e9n\u00e9ficiez d&rsquo;un gain de poids significatif par rapport \u00e0 l&rsquo;\u00e9chappement d&rsquo;origine (poids d&rsquo;un \u00e9chappement de 900 gr. uniquement). La fixation du collecteur avec l\u2019\u00e9chappement est assur\u00e9e par <strong>2 ressorts en acier inoxydable AISI304<\/strong>, garantissant une installation s\u00e9curis\u00e9e et fiable.&nbsp;<\/li>\n<li>Cette version d&rsquo;\u00e9chappement n&rsquo;est pas homologu\u00e9e et dispose de 2 x db killers.<\/li>\n<\/ul>","protected":false},"excerpt":{"rendered":"<p>Transformez votre exp\u00e9rience de conduite avec ce DOUBLE ECHAPPEMENTS MK2 BLACK CMX 1100 (2021-2024), con\u00e7us pour offrir une valeur ajout\u00e9e [&hellip;]<\/p>\n","protected":false},"featured_media":12190,"comment_status":"open","ping_status":"closed","template":"","meta":{"_acf_changed":false,"site-sidebar-layout":"default","site-content-layout":"","ast-site-content-layout":"default","site-content-style":"default","site-sidebar-style":"default","ast-global-header-display":"","ast-banner-title-visibility":"","ast-main-header-display":"","ast-hfb-above-header-display":"","ast-hfb-below-header-display":"","ast-hfb-mobile-header-display":"","site-post-title":"","ast-breadcrumbs-content":"","ast-featured-img":"","footer-sml-layout":"","ast-disable-related-posts":"","theme-transparent-header-meta":"","adv-header-id-meta":"","stick-header-meta":"","header-above-stick-meta":"","header-main-stick-meta":"","header-below-stick-meta":"","astra-migrate-meta-layouts":"default","ast-page-background-enabled":"default","ast-page-background-meta":{"desktop":{"background-color":"var(--ast-global-color-5)","background-image":"","background-repeat":"repeat","background-position":"center center","background-size":"auto","background-attachment":"scroll","background-type":"","background-media":"","overlay-type":"","overlay-color":"","overlay-opacity":"","overlay-gradient":""},"tablet":{"background-color":"","background-image":"","background-repeat":"repeat","background-position":"center center","background-size":"auto","background-attachment":"scroll","background-type":"","background-media":"","overlay-type":"","overlay-color":"","overlay-opacity":"","overlay-gradient":""},"mobile":{"background-color":"","background-image":"","background-repeat":"repeat","background-position":"center center","background-size":"auto","background-attachment":"scroll","background-type":"","background-media":"","overlay-type":"","overlay-color":"","overlay-opacity":"","overlay-gradient":""}},"ast-content-background-meta":{"desktop":{"background-color":"var(--ast-global-color-4)","background-image":"","background-repeat":"repeat","background-position":"center center","background-size":"auto","background-attachment":"scroll","background-type":"","background-media":"","overlay-type":"","overlay-color":"","overlay-opacity":"","overlay-gradient":""},"tablet":{"background-color":"var(--ast-global-color-4)","background-image":"","background-repeat":"repeat","background-position":"center center","background-size":"auto","background-attachment":"scroll","background-type":"","background-media":"","overlay-type":"","overlay-color":"","overlay-opacity":"","overlay-gradient":""},"mobile":{"background-color":"var(--ast-global-color-4)","background-image":"","background-repeat":"repeat","background-position":"center center","background-size":"auto","background-attachment":"scroll","background-type":"","background-media":"","overlay-type":"","overlay-color":"","overlay-opacity":"","overlay-gradient":""}}},"pwb-brand":[],"product_brand":[30],"product_cat":[34,55],"product_tag":[],"class_list":{"0":"post-3210","1":"product","2":"type-product","3":"status-publish","4":"has-post-thumbnail","6":"product_brand-honda","7":"product_cat-honda","8":"product_cat-rebel_cmx_1100","9":"pa_annee-187","10":"pa_annee-188","11":"pa_annee-189","12":"pa_annee-190","13":"pa_annee-191","14":"pa_annee-216","15":"desktop-align-left","16":"tablet-align-left","17":"mobile-align-left","19":"first","20":"instock","21":"taxable","22":"shipping-taxable","23":"purchasable","24":"product-type-simple"},"acf":[],"brands":[],"_links":{"self":[{"href":"https:\/\/www.ixrace.net\/en\/wp-json\/wp\/v2\/product\/3210","targetHints":{"allow":["GET"]}}],"collection":[{"href":"https:\/\/www.ixrace.net\/en\/wp-json\/wp\/v2\/product"}],"about":[{"href":"https:\/\/www.ixrace.net\/en\/wp-json\/wp\/v2\/types\/product"}],"replies":[{"embeddable":true,"href":"https:\/\/www.ixrace.net\/en\/wp-json\/wp\/v2\/comments?post=3210"}],"wp:featuredmedia":[{"embeddable":true,"href":"https:\/\/www.ixrace.net\/en\/wp-json\/wp\/v2\/media\/12190"}],"wp:attachment":[{"href":"https:\/\/www.ixrace.net\/en\/wp-json\/wp\/v2\/media?parent=3210"}],"wp:term":[{"taxonomy":"pwb-brand","embeddable":true,"href":"https:\/\/www.ixrace.net\/en\/wp-json\/wp\/v2\/pwb-brand?post=3210"},{"taxonomy":"product_brand","embeddable":true,"href":"https:\/\/www.ixrace.net\/en\/wp-json\/wp\/v2\/product_brand?post=3210"},{"taxonomy":"product_cat","embeddable":true,"href":"https:\/\/www.ixrace.net\/en\/wp-json\/wp\/v2\/product_cat?post=3210"},{"taxonomy":"product_tag","embeddable":true,"href":"https:\/\/www.ixrace.net\/en\/wp-json\/wp\/v2\/product_tag?post=3210"}],"curies":[{"name":"wp","href":"https:\/\/api.w.org\/{rel}","templated":true}]}}