{"id":3216,"date":"2026-01-26T11:33:47","date_gmt":"2026-01-26T11:33:47","guid":{"rendered":"https:\/\/www.ixrace.net\/product\/double-echappements-dcx2-carbone-forged-cb-1000-r-2018-2024\/"},"modified":"2026-04-21T14:48:21","modified_gmt":"2026-04-21T14:48:21","slug":"double-echappements-dcx2-carbone-forged-cb-1000-r-2018-2024","status":"publish","type":"product","link":"https:\/\/www.ixrace.net\/en\/product\/double-echappements-dcx2-carbone-forged-cb-1000-r-2018-2024\/#TRPLINKPROCESSED","title":{"rendered":"ECHAPPEMENT HOMOLOGU\u00c9 DCX2 CARBONE FORGED CB 1000 R (2018-2024)"},"content":{"rendered":"<ul>\n<li>D\u00e9couvrez le <strong>DCX2 CARBONE FORGED pour HONDA CB 1000 R (2018-2024)<\/strong>, une innovation qui allie sportivit\u00e9 et design pour les passionn\u00e9s de moto. Con\u00e7u avec un raccord collecteurs en <strong>acier inoxydable AISI 304<\/strong> \u00e0 finition satin\u00e9e mat et des soudures TIG, cet \u00e9chappement garantit une robustesse et une durabilit\u00e9 exceptionnelles. Chaque \u00e9chappement est fabriqu\u00e9 \u00e0 partir de carbone forged avec une r\u00e9sine \u00e9poxy haute temp\u00e9rature, offrant ainsi une r\u00e9sistance optimale aux conditions les plus exigeantes.<\/li>\n<li>\u00c9quip\u00e9 d&rsquo;une <strong>grille de sortie d\u2019\u00e9chappement en acier inoxydable<\/strong> inspir\u00e9e du style Moto GP, ces \u00e9chappements apportent non seulement une esth\u00e9tique raffin\u00e9e. L&rsquo;incrustation de la marque IXRACE directement dans le carbone t\u00e9moigne de la qualit\u00e9 et de l&rsquo;attention aux d\u00e9tails. La fixation du collecteur est assur\u00e9e par deux ressorts en acier inoxydable AISI304, garantissant une connexion facile et ajust\u00e9e. Profitez d&rsquo;un <strong>gain de poids significatif<\/strong> par rapport \u00e0 l&rsquo;\u00e9chappement d&rsquo;origine. De plus, cet \u00e9chappement est homologu\u00e9 et r\u00e9pond aux exigences anti-pollution de la norme EURO 5. Afin et pour une protection optimale, une protection anti chaleur en carbone est int\u00e9gr\u00e9e sur l&rsquo;\u00e9chappement, assurant ainsi une protection suppl\u00e9mentaire au pilote.&nbsp;<\/li>\n<\/ul>","protected":false},"excerpt":{"rendered":"<p>D\u00e9couvrez le DCX2 CARBONE FORGED pour HONDA CB 1000 R (2018-2024), une innovation qui allie sportivit\u00e9 et design pour les [&hellip;]<\/p>\n","protected":false},"featured_media":10829,"comment_status":"open","ping_status":"closed","template":"","meta":{"_acf_changed":false,"site-sidebar-layout":"default","site-content-layout":"","ast-site-content-layout":"default","site-content-style":"default","site-sidebar-style":"default","ast-global-header-display":"","ast-banner-title-visibility":"","ast-main-header-display":"","ast-hfb-above-header-display":"","ast-hfb-below-header-display":"","ast-hfb-mobile-header-display":"","site-post-title":"","ast-breadcrumbs-content":"","ast-featured-img":"","footer-sml-layout":"","ast-disable-related-posts":"","theme-transparent-header-meta":"","adv-header-id-meta":"","stick-header-meta":"","header-above-stick-meta":"","header-main-stick-meta":"","header-below-stick-meta":"","astra-migrate-meta-layouts":"default","ast-page-background-enabled":"default","ast-page-background-meta":{"desktop":{"background-color":"var(--ast-global-color-5)","background-image":"","background-repeat":"repeat","background-position":"center center","background-size":"auto","background-attachment":"scroll","background-type":"","background-media":"","overlay-type":"","overlay-color":"","overlay-opacity":"","overlay-gradient":""},"tablet":{"background-color":"","background-image":"","background-repeat":"repeat","background-position":"center center","background-size":"auto","background-attachment":"scroll","background-type":"","background-media":"","overlay-type":"","overlay-color":"","overlay-opacity":"","overlay-gradient":""},"mobile":{"background-color":"","background-image":"","background-repeat":"repeat","background-position":"center center","background-size":"auto","background-attachment":"scroll","background-type":"","background-media":"","overlay-type":"","overlay-color":"","overlay-opacity":"","overlay-gradient":""}},"ast-content-background-meta":{"desktop":{"background-color":"var(--ast-global-color-4)","background-image":"","background-repeat":"repeat","background-position":"center center","background-size":"auto","background-attachment":"scroll","background-type":"","background-media":"","overlay-type":"","overlay-color":"","overlay-opacity":"","overlay-gradient":""},"tablet":{"background-color":"var(--ast-global-color-4)","background-image":"","background-repeat":"repeat","background-position":"center center","background-size":"auto","background-attachment":"scroll","background-type":"","background-media":"","overlay-type":"","overlay-color":"","overlay-opacity":"","overlay-gradient":""},"mobile":{"background-color":"var(--ast-global-color-4)","background-image":"","background-repeat":"repeat","background-position":"center center","background-size":"auto","background-attachment":"scroll","background-type":"","background-media":"","overlay-type":"","overlay-color":"","overlay-opacity":"","overlay-gradient":""}}},"pwb-brand":[],"product_brand":[30],"product_cat":[51,34],"product_tag":[],"class_list":{"0":"post-3216","1":"product","2":"type-product","3":"status-publish","4":"has-post-thumbnail","6":"product_brand-honda","7":"product_cat-cb_1000_r","8":"product_cat-honda","9":"pa_annee-193","10":"pa_annee-194","11":"pa_annee-186","12":"pa_annee-187","13":"pa_annee-188","14":"pa_annee-189","15":"pa_annee-190","16":"desktop-align-left","17":"tablet-align-left","18":"mobile-align-left","20":"first","21":"instock","22":"taxable","23":"shipping-taxable","24":"purchasable","25":"product-type-simple"},"acf":[],"brands":[],"_links":{"self":[{"href":"https:\/\/www.ixrace.net\/en\/wp-json\/wp\/v2\/product\/3216","targetHints":{"allow":["GET"]}}],"collection":[{"href":"https:\/\/www.ixrace.net\/en\/wp-json\/wp\/v2\/product"}],"about":[{"href":"https:\/\/www.ixrace.net\/en\/wp-json\/wp\/v2\/types\/product"}],"replies":[{"embeddable":true,"href":"https:\/\/www.ixrace.net\/en\/wp-json\/wp\/v2\/comments?post=3216"}],"wp:featuredmedia":[{"embeddable":true,"href":"https:\/\/www.ixrace.net\/en\/wp-json\/wp\/v2\/media\/10829"}],"wp:attachment":[{"href":"https:\/\/www.ixrace.net\/en\/wp-json\/wp\/v2\/media?parent=3216"}],"wp:term":[{"taxonomy":"pwb-brand","embeddable":true,"href":"https:\/\/www.ixrace.net\/en\/wp-json\/wp\/v2\/pwb-brand?post=3216"},{"taxonomy":"product_brand","embeddable":true,"href":"https:\/\/www.ixrace.net\/en\/wp-json\/wp\/v2\/product_brand?post=3216"},{"taxonomy":"product_cat","embeddable":true,"href":"https:\/\/www.ixrace.net\/en\/wp-json\/wp\/v2\/product_cat?post=3216"},{"taxonomy":"product_tag","embeddable":true,"href":"https:\/\/www.ixrace.net\/en\/wp-json\/wp\/v2\/product_tag?post=3216"}],"curies":[{"name":"wp","href":"https:\/\/api.w.org\/{rel}","templated":true}]}}